{"id":10020,"date":"2025-05-18T21:40:35","date_gmt":"2025-05-18T19:40:35","guid":{"rendered":"https:\/\/aroundgdansk.pl\/?page_id=10020"},"modified":"2025-06-29T20:42:22","modified_gmt":"2025-06-29T18:42:22","slug":"faq","status":"publish","type":"page","link":"https:\/\/aroundgdansk.pl\/pl\/faq\/","title":{"rendered":"Cz\u0119sto Zadawane Pytania"},"content":{"rendered":"<p>&nbsp;<\/p>\n<div class=\"pp_accordion_close has_icon\">\n<h3><a href=\"#\"><strong>Jak\u0105 musz\u0119 mie\u0107 kondycj\u0119 fizyczn\u0105?<\/strong><\/a><\/h3>\n<div>\n<p>Wi\u0119kszo\u015b\u0107 naszych wycieczek kajakowych jest odpowiednia dla pocz\u0105tkuj\u0105cych. Nie musisz by\u0107 sportowcem, ale podstawowa sprawno\u015b\u0107 fizyczna pomo\u017ce Ci czerpa\u0107 rado\u015b\u0107 z wycieczki. P\u0142yniemy spokojnym tempem, dopasowanym do grupy, ale powiniene\u015b by\u0107 got\u00f3w na wios\u0142owanie przez kilka godzin.\u00a0<\/p>\n<\/div>\n<\/div>\n<div class=\"pp_accordion_close has_icon\">\n<h3><a href=\"#\"><strong>Co je\u015bli b\u0119dzie z\u0142a pogoda?<\/strong><\/a><\/h3>\n<div>\n<p>Twoje bezpiecze\u0144stwo jest dla nas najwa\u017cniejsze. W przypadku silnego wiatru lub burzy wycieczka mo\u017ce zosta\u0107 odwo\u0142ana. W takiej sytuacji mo\u017cesz j\u0105 prze\u0142o\u017cy\u0107 na inny termin lub otrzyma\u0107 pe\u0142en zwrot koszt\u00f3w.<br data-start=\"678\" data-end=\"681\" \/>Deszcz nie jest powodem do odwo\u0142ania \u2013 wystarczy za\u0142o\u017cy\u0107 kurtk\u0119 przeciwdeszczow\u0105 i p\u0142yniemy dalej!\u00a0<\/p>\n<\/div>\n<\/div>\n<div class=\"pp_accordion_close has_icon\">\n<h3><a href=\"#\"><strong>Czy mog\u0119 wypo\u017cyczy\u0107 kajak?<\/strong><\/a><\/h3>\n<div>\n<p>Nie, nie oferujemy wypo\u017cyczania kajak\u00f3w. Ze wzgl\u0119du na kwestie bezpiecze\u0144stwa oraz przepisy Portu Gda\u0144sk wszystkie wycieczki odbywaj\u0105 si\u0119 z przewodnikiem.\u00a0<\/p>\n<\/div>\n<\/div>\n<div class=\"pp_accordion_close has_icon\">\n<h3><a href=\"#\"><strong>Co si\u0119 stanie, je\u015bli wywr\u00f3c\u0119 kajak?<\/strong><\/a><\/h3>\n<div>\n<p>Wywrotki zdarzaj\u0105 si\u0119 rzadko \u2014 nasze kajaki dwuosobowe s\u0105 bardzo stabilne. Je\u015bli jednak do niej dojdzie, przewodnik b\u0119dzie w pobli\u017cu i pomo\u017ce Ci szybko i bezpiecznie wr\u00f3ci\u0107 do kajaka.<br data-start=\"1205\" data-end=\"1208\" \/>Zalecamy zabra\u0107 ze sob\u0105 such\u0105 odzie\u017c na zmian\u0119, na wypadek wywrotki \u2014 b\u0119dzie mo\u017cna si\u0119 przebra\u0107 po zako\u0144czeniu wycieczki.<br data-start=\"1329\" data-end=\"1332\" \/>Je\u015bli bierzesz udzia\u0142 w wycieczce sam, najprawdopodobniej otrzymasz kajak jednoosobowy, kt\u00f3ry jest mniej stabilny i wybacza mniej b\u0142\u0119d\u00f3w, dlatego warto zachowa\u0107 ostro\u017cno\u015b\u0107 i stosowa\u0107 si\u0119 do wskaz\u00f3wek przewodnika.<\/p>\n<\/div>\n<\/div>\n<div class=\"pp_accordion_close has_icon\">\n<h3><a href=\"#\"><strong>Czy mog\u0119 wzi\u0105\u0107 udzia\u0142 w wycieczce z dzie\u0107mi poni\u017cej 12. roku \u017cycia?<\/strong><\/a><\/h3>\n<div>\n<p>Z do\u015bwiadczenia wiemy, \u017ce m\u0142odsze dzieci rzadko aktywnie wios\u0142uj\u0105, co powoduje, \u017ce doros\u0142y w dwuosobowym kajaku szybciej si\u0119 m\u0119czy i mo\u017ce nie nad\u0105\u017ca\u0107 za grup\u0105. Dlatego na wycieczki publiczne zapraszamy dzieci <strong data-start=\"1834\" data-end=\"1855\">od 12. roku \u017cycia<\/strong>.<br data-start=\"1856\" data-end=\"1859\" \/>Je\u015bli masz do\u015bwiadczenie w p\u0142ywaniu kajakiem z m\u0142odszym dzieckiem i wiesz, \u017ce dacie rad\u0119 utrzyma\u0107 tempo grupy \u2014 skontaktuj si\u0119 z nami mailowo lub telefonicznie. By\u0107 mo\u017ce uda nam si\u0119 zrobi\u0107 wyj\u0105tek.\u00a0<\/p>\n<\/div>\n<\/div>\n<div class=\"pp_accordion_close has_icon\">\n<h3><a href=\"#\"><strong>Czy potrzebuj\u0119 specjalnych but\u00f3w? Jak wchodzimy do kajaka?<\/strong><\/a><\/h3>\n<div>\n<p>Nie potrzebujesz specjalistycznego obuwia \u2014 wystarcz\u0105 wygodne buty, w kt\u00f3rych zwiedzasz miasto.<br data-start=\"2253\" data-end=\"2256\" \/>Zaczynamy i ko\u0144czymy wycieczk\u0119 w naszym centrum kajakowym, gdzie przygotowali\u015bmy specjalne niskie pomosty u\u0142atwiaj\u0105ce bezpieczne wchodzenie do kajak\u00f3w.\u00a0<\/p>\n<\/div>\n<\/div>\n<div class=\"pp_accordion_close has_icon\">\n<h3><a href=\"#\"><strong>Czy mog\u0119 gdzie\u015b zostawi\u0107 baga\u017c na czas wycieczki?<\/strong><\/a><\/h3>\n<div>\n<p>Tak. W naszym centrum kajakowym dost\u0119pne s\u0105 szafki, w kt\u00f3rych bezpiecznie przechowasz swoje rzeczy. Znajduj\u0105 si\u0119 one w zamykanym pomieszczeniu, obj\u0119tym ca\u0142odobowym monitoringiem. Otrzymasz klucz do swojej szafki.\u00a0<\/p>\n<\/div>\n<\/div>\n<div class=\"pp_accordion_close has_icon\">\n<h3><a href=\"#\"><strong>Co zabra\u0107 ze sob\u0105?<\/strong><\/a><\/h3>\n<div>\n<p><p class=\"\" data-start=\"2572\" data-end=\"2607\">Zapewniamy ca\u0142y niezb\u0119dny sprz\u0119t:<\/p>\n<ul data-start=\"2608\" data-end=\"2685\">\n<li class=\"\" data-start=\"2608\" data-end=\"2618\">\n<p class=\"\" data-start=\"2610\" data-end=\"2618\">Kajaki<\/p>\n<\/li>\n<li class=\"\" data-start=\"2619\" data-end=\"2629\">\n<p class=\"\" data-start=\"2621\" data-end=\"2629\">Wios\u0142a<\/p>\n<\/li>\n<li class=\"\" data-start=\"2630\" data-end=\"2656\">\n<p class=\"\" data-start=\"2632\" data-end=\"2656\">Kamizelki asekuracyjne<\/p>\n<\/li>\n<li class=\"\" data-start=\"2657\" data-end=\"2685\">\n<p class=\"\" data-start=\"2659\" data-end=\"2685\">Fartuchy przeciwbryzgowe<\/p>\n<\/li>\n<\/ul>\n<p class=\"\" data-start=\"2687\" data-end=\"2702\">Warto zabra\u0107:<\/p>\n<ul data-start=\"2703\" data-end=\"3126\">\n<li class=\"\" data-start=\"2703\" data-end=\"2855\">\n<p class=\"\" data-start=\"2705\" data-end=\"2855\">Telefon do robienia zdj\u0119\u0107 (kamizelki maj\u0105 kieszenie)<br data-start=\"2757\" data-end=\"2760\" \/>\u2013 Uwaga: za bezpiecze\u0144stwo telefonu odpowiadasz samodzielnie<\/p>\n<\/li>\n<li class=\"\" data-start=\"2856\" data-end=\"3082\">\n<p class=\"\" data-start=\"2858\" data-end=\"3082\">Ubranie dostosowane do pogody:<br data-start=\"2888\" data-end=\"2891\" \/>\u2013 <strong data-start=\"2895\" data-end=\"2909\">S\u0142onecznie<\/strong>: krem z filtrem, okulary przeciws\u0142oneczne, czapka z daszkiem<br data-start=\"2970\" data-end=\"2973\" \/>\u2013 <strong data-start=\"2977\" data-end=\"2990\">Deszczowo<\/strong>: kurtka przeciwdeszczowa, czapka z daszkiem<br data-start=\"3034\" data-end=\"3037\" \/>\u2013 <strong data-start=\"3041\" data-end=\"3056\">Zimny wiatr<\/strong>: kurtka przeciwwiatrowa<\/p>\n<\/li>\n<li class=\"\" data-start=\"3083\" data-end=\"3126\">\n<p class=\"\" data-start=\"3085\" data-end=\"3126\">Butelk\u0119 wody \u2014 szczeg\u00f3lnie w upalne dni<\/p>\n<\/li>\n<\/ul>\n<p class=\"\" data-start=\"3128\" data-end=\"3246\">Portfele i inne cenne przedmioty mo\u017cesz zostawi\u0107 w szafkach w naszej marinie \u2014 nie b\u0119d\u0105 potrzebne w trakcie wycieczki.<\/p>\n<\/p>\n<\/div>\n<\/div>\n<p><script defer async src='https:\/\/cdn.trustindex.io\/loader-cert.js?a5cf6d2492bc0284e976d9facac'><\/script><\/p>\n","protected":false},"excerpt":{"rendered":"<p>&nbsp;<\/p>\n","protected":false},"author":3,"featured_media":10023,"parent":0,"menu_order":0,"comment_status":"closed","ping_status":"closed","template":"","meta":{"footnotes":""},"class_list":["post-10020","page","type-page","status-publish","has-post-thumbnail","hentry"],"yoast_head":"<!-- This site is optimized with the Yoast SEO plugin v27.4 - https:\/\/yoast.com\/product\/yoast-seo-wordpress\/ -->\n<title>Cz\u0119sto Zadawane Pytania - Around Gdansk | Tours &amp; Adventures<\/title>\n<meta name=\"robots\" content=\"index, follow, max-snippet:-1, max-image-preview:large, max-video-preview:-1\" \/>\n<link rel=\"canonical\" href=\"https:\/\/aroundgdansk.pl\/pl\/faq\/\" \/>\n<meta property=\"og:locale\" content=\"pl_PL\" \/>\n<meta property=\"og:type\" content=\"article\" \/>\n<meta property=\"og:title\" content=\"Cz\u0119sto Zadawane Pytania - Around Gdansk | Tours &amp; Adventures\" \/>\n<meta property=\"og:description\" content=\"&nbsp;\" \/>\n<meta property=\"og:url\" content=\"https:\/\/aroundgdansk.pl\/pl\/faq\/\" \/>\n<meta property=\"og:site_name\" content=\"Around Gdansk | Tours &amp; Adventures\" \/>\n<meta property=\"article:publisher\" content=\"https:\/\/www.facebook.com\/aroundgdansk\" \/>\n<meta property=\"article:modified_time\" content=\"2025-06-29T18:42:22+00:00\" \/>\n<meta property=\"og:image\" content=\"https:\/\/aroundgdansk.pl\/wp-content\/uploads\/2025\/05\/P8240017-e1747598075571.jpg\" \/>\n\t<meta property=\"og:image:width\" content=\"2560\" \/>\n\t<meta property=\"og:image:height\" content=\"1284\" \/>\n\t<meta property=\"og:image:type\" content=\"image\/jpeg\" \/>\n<meta name=\"twitter:card\" content=\"summary_large_image\" \/>\n<meta name=\"twitter:label1\" content=\"Szacowany czas czytania\" \/>\n\t<meta name=\"twitter:data1\" content=\"3 minuty\" \/>\n<script type=\"application\/ld+json\" class=\"yoast-schema-graph\">{\"@context\":\"https:\\\/\\\/schema.org\",\"@graph\":[{\"@type\":\"WebPage\",\"@id\":\"https:\\\/\\\/aroundgdansk.pl\\\/pl\\\/faq\\\/\",\"url\":\"https:\\\/\\\/aroundgdansk.pl\\\/pl\\\/faq\\\/\",\"name\":\"Cz\u0119sto Zadawane Pytania - Around Gdansk | Tours &amp; Adventures\",\"isPartOf\":{\"@id\":\"https:\\\/\\\/aroundgdansk.pl\\\/pl\\\/#website\"},\"primaryImageOfPage\":{\"@id\":\"https:\\\/\\\/aroundgdansk.pl\\\/pl\\\/faq\\\/#primaryimage\"},\"image\":{\"@id\":\"https:\\\/\\\/aroundgdansk.pl\\\/pl\\\/faq\\\/#primaryimage\"},\"thumbnailUrl\":\"https:\\\/\\\/aroundgdansk.pl\\\/wp-content\\\/uploads\\\/2025\\\/05\\\/P8240017-e1747598075571.jpg\",\"datePublished\":\"2025-05-18T19:40:35+00:00\",\"dateModified\":\"2025-06-29T18:42:22+00:00\",\"breadcrumb\":{\"@id\":\"https:\\\/\\\/aroundgdansk.pl\\\/pl\\\/faq\\\/#breadcrumb\"},\"inLanguage\":\"pl-PL\",\"potentialAction\":[{\"@type\":\"ReadAction\",\"target\":[\"https:\\\/\\\/aroundgdansk.pl\\\/pl\\\/faq\\\/\"]}]},{\"@type\":\"ImageObject\",\"inLanguage\":\"pl-PL\",\"@id\":\"https:\\\/\\\/aroundgdansk.pl\\\/pl\\\/faq\\\/#primaryimage\",\"url\":\"https:\\\/\\\/aroundgdansk.pl\\\/wp-content\\\/uploads\\\/2025\\\/05\\\/P8240017-e1747598075571.jpg\",\"contentUrl\":\"https:\\\/\\\/aroundgdansk.pl\\\/wp-content\\\/uploads\\\/2025\\\/05\\\/P8240017-e1747598075571.jpg\",\"width\":2560,\"height\":1284,\"caption\":\"OLYMPUS DIGITAL CAMERA\"},{\"@type\":\"BreadcrumbList\",\"@id\":\"https:\\\/\\\/aroundgdansk.pl\\\/pl\\\/faq\\\/#breadcrumb\",\"itemListElement\":[{\"@type\":\"ListItem\",\"position\":1,\"name\":\"Home\",\"item\":\"https:\\\/\\\/aroundgdansk.pl\\\/pl\\\/\"},{\"@type\":\"ListItem\",\"position\":2,\"name\":\"Cz\u0119sto Zadawane Pytania\"}]},{\"@type\":\"WebSite\",\"@id\":\"https:\\\/\\\/aroundgdansk.pl\\\/pl\\\/#website\",\"url\":\"https:\\\/\\\/aroundgdansk.pl\\\/pl\\\/\",\"name\":\"Around Gdansk | Tours & Adventures\",\"description\":\"Your unique way to discover Gdansk\",\"publisher\":{\"@id\":\"https:\\\/\\\/aroundgdansk.pl\\\/pl\\\/#organization\"},\"potentialAction\":[{\"@type\":\"SearchAction\",\"target\":{\"@type\":\"EntryPoint\",\"urlTemplate\":\"https:\\\/\\\/aroundgdansk.pl\\\/pl\\\/?s={search_term_string}\"},\"query-input\":{\"@type\":\"PropertyValueSpecification\",\"valueRequired\":true,\"valueName\":\"search_term_string\"}}],\"inLanguage\":\"pl-PL\"},{\"@type\":\"Organization\",\"@id\":\"https:\\\/\\\/aroundgdansk.pl\\\/pl\\\/#organization\",\"name\":\"AroundGdansk\",\"url\":\"https:\\\/\\\/aroundgdansk.pl\\\/pl\\\/\",\"logo\":{\"@type\":\"ImageObject\",\"inLanguage\":\"pl-PL\",\"@id\":\"https:\\\/\\\/aroundgdansk.pl\\\/pl\\\/#\\\/schema\\\/logo\\\/image\\\/\",\"url\":\"https:\\\/\\\/aroundgdansk.pl\\\/wp-content\\\/uploads\\\/2025\\\/07\\\/AROUND-GDANSK-LOGO.png\",\"contentUrl\":\"https:\\\/\\\/aroundgdansk.pl\\\/wp-content\\\/uploads\\\/2025\\\/07\\\/AROUND-GDANSK-LOGO.png\",\"width\":500,\"height\":500,\"caption\":\"AroundGdansk\"},\"image\":{\"@id\":\"https:\\\/\\\/aroundgdansk.pl\\\/pl\\\/#\\\/schema\\\/logo\\\/image\\\/\"},\"sameAs\":[\"https:\\\/\\\/www.facebook.com\\\/aroundgdansk\",\"https:\\\/\\\/www.instagram.com\\\/aroundgdansk\\\/\"]}]}<\/script>\n<!-- \/ Yoast SEO plugin. -->","yoast_head_json":{"title":"Cz\u0119sto Zadawane Pytania - Around Gdansk | Tours &amp; Adventures","robots":{"index":"index","follow":"follow","max-snippet":"max-snippet:-1","max-image-preview":"max-image-preview:large","max-video-preview":"max-video-preview:-1"},"canonical":"https:\/\/aroundgdansk.pl\/pl\/faq\/","og_locale":"pl_PL","og_type":"article","og_title":"Cz\u0119sto Zadawane Pytania - Around Gdansk | Tours &amp; Adventures","og_description":"&nbsp;","og_url":"https:\/\/aroundgdansk.pl\/pl\/faq\/","og_site_name":"Around Gdansk | Tours &amp; Adventures","article_publisher":"https:\/\/www.facebook.com\/aroundgdansk","article_modified_time":"2025-06-29T18:42:22+00:00","og_image":[{"width":2560,"height":1284,"url":"https:\/\/aroundgdansk.pl\/wp-content\/uploads\/2025\/05\/P8240017-e1747598075571.jpg","type":"image\/jpeg"}],"twitter_card":"summary_large_image","twitter_misc":{"Szacowany czas czytania":"3 minuty"},"schema":{"@context":"https:\/\/schema.org","@graph":[{"@type":"WebPage","@id":"https:\/\/aroundgdansk.pl\/pl\/faq\/","url":"https:\/\/aroundgdansk.pl\/pl\/faq\/","name":"Cz\u0119sto Zadawane Pytania - Around Gdansk | Tours &amp; Adventures","isPartOf":{"@id":"https:\/\/aroundgdansk.pl\/pl\/#website"},"primaryImageOfPage":{"@id":"https:\/\/aroundgdansk.pl\/pl\/faq\/#primaryimage"},"image":{"@id":"https:\/\/aroundgdansk.pl\/pl\/faq\/#primaryimage"},"thumbnailUrl":"https:\/\/aroundgdansk.pl\/wp-content\/uploads\/2025\/05\/P8240017-e1747598075571.jpg","datePublished":"2025-05-18T19:40:35+00:00","dateModified":"2025-06-29T18:42:22+00:00","breadcrumb":{"@id":"https:\/\/aroundgdansk.pl\/pl\/faq\/#breadcrumb"},"inLanguage":"pl-PL","potentialAction":[{"@type":"ReadAction","target":["https:\/\/aroundgdansk.pl\/pl\/faq\/"]}]},{"@type":"ImageObject","inLanguage":"pl-PL","@id":"https:\/\/aroundgdansk.pl\/pl\/faq\/#primaryimage","url":"https:\/\/aroundgdansk.pl\/wp-content\/uploads\/2025\/05\/P8240017-e1747598075571.jpg","contentUrl":"https:\/\/aroundgdansk.pl\/wp-content\/uploads\/2025\/05\/P8240017-e1747598075571.jpg","width":2560,"height":1284,"caption":"OLYMPUS DIGITAL CAMERA"},{"@type":"BreadcrumbList","@id":"https:\/\/aroundgdansk.pl\/pl\/faq\/#breadcrumb","itemListElement":[{"@type":"ListItem","position":1,"name":"Home","item":"https:\/\/aroundgdansk.pl\/pl\/"},{"@type":"ListItem","position":2,"name":"Cz\u0119sto Zadawane Pytania"}]},{"@type":"WebSite","@id":"https:\/\/aroundgdansk.pl\/pl\/#website","url":"https:\/\/aroundgdansk.pl\/pl\/","name":"Around Gdansk | Tours & Adventures","description":"Your unique way to discover Gdansk","publisher":{"@id":"https:\/\/aroundgdansk.pl\/pl\/#organization"},"potentialAction":[{"@type":"SearchAction","target":{"@type":"EntryPoint","urlTemplate":"https:\/\/aroundgdansk.pl\/pl\/?s={search_term_string}"},"query-input":{"@type":"PropertyValueSpecification","valueRequired":true,"valueName":"search_term_string"}}],"inLanguage":"pl-PL"},{"@type":"Organization","@id":"https:\/\/aroundgdansk.pl\/pl\/#organization","name":"AroundGdansk","url":"https:\/\/aroundgdansk.pl\/pl\/","logo":{"@type":"ImageObject","inLanguage":"pl-PL","@id":"https:\/\/aroundgdansk.pl\/pl\/#\/schema\/logo\/image\/","url":"https:\/\/aroundgdansk.pl\/wp-content\/uploads\/2025\/07\/AROUND-GDANSK-LOGO.png","contentUrl":"https:\/\/aroundgdansk.pl\/wp-content\/uploads\/2025\/07\/AROUND-GDANSK-LOGO.png","width":500,"height":500,"caption":"AroundGdansk"},"image":{"@id":"https:\/\/aroundgdansk.pl\/pl\/#\/schema\/logo\/image\/"},"sameAs":["https:\/\/www.facebook.com\/aroundgdansk","https:\/\/www.instagram.com\/aroundgdansk\/"]}]}},"_links":{"self":[{"href":"https:\/\/aroundgdansk.pl\/pl\/wp-json\/wp\/v2\/pages\/10020","targetHints":{"allow":["GET"]}}],"collection":[{"href":"https:\/\/aroundgdansk.pl\/pl\/wp-json\/wp\/v2\/pages"}],"about":[{"href":"https:\/\/aroundgdansk.pl\/pl\/wp-json\/wp\/v2\/types\/page"}],"author":[{"embeddable":true,"href":"https:\/\/aroundgdansk.pl\/pl\/wp-json\/wp\/v2\/users\/3"}],"replies":[{"embeddable":true,"href":"https:\/\/aroundgdansk.pl\/pl\/wp-json\/wp\/v2\/comments?post=10020"}],"version-history":[{"count":3,"href":"https:\/\/aroundgdansk.pl\/pl\/wp-json\/wp\/v2\/pages\/10020\/revisions"}],"predecessor-version":[{"id":10098,"href":"https:\/\/aroundgdansk.pl\/pl\/wp-json\/wp\/v2\/pages\/10020\/revisions\/10098"}],"wp:featuredmedia":[{"embeddable":true,"href":"https:\/\/aroundgdansk.pl\/pl\/wp-json\/wp\/v2\/media\/10023"}],"wp:attachment":[{"href":"https:\/\/aroundgdansk.pl\/pl\/wp-json\/wp\/v2\/media?parent=10020"}],"curies":[{"name":"wp","href":"https:\/\/api.w.org\/{rel}","templated":true}]}}