{"id":5968,"date":"2019-10-26T14:29:24","date_gmt":"2019-10-26T13:29:24","guid":{"rendered":"https:\/\/aroundgdansk.pl\/?page_id=5968"},"modified":"2026-02-18T14:32:33","modified_gmt":"2026-02-18T13:32:33","slug":"gdansk-z-kajaka","status":"publish","type":"page","link":"https:\/\/aroundgdansk.pl\/pl\/gdansk-z-kajaka\/","title":{"rendered":"Gda\u0144sk z kajaka"},"content":{"rendered":"<div  class=\"one withsmallpadding ppb_header \" style=\"text-align:center;padding:40px 0 40px 0;\" >\n<div class=\"standard_wrapper\">\n<div class=\"page_content_wrapper\">\n<div class=\"inner\">\n<div style=\"margin:auto;width:80%\">\n<div class=\"ppb_header_content\">\n<h3>Wycieczka kajakowa to \u015bwietny spos\u00f3b na zwiedzenie Gda\u0144ska i okolic z innej perspektywy. Wskocz do jednego z naszych kajak\u00f3w i prze\u017cyj niezapomnian\u0105 przygod\u0119 niemal w centrum miasta!<\/h3>\n<div id=\"gtx-trans\" style=\"position: absolute; left: 308px; top: 311.225px;\">\n<div class=\"gtx-trans-icon\"><\/div>\n<\/div>\n<\/div>\n<\/div>\n<\/div>\n<\/div>\n<\/div>\n<\/div>\n<div  class=\"ppb_tour_classic one nopadding \" >\n<div class=\"page_content_wrapper page_main_content sidebar_content full_width fixed_column\">\n<div class=\"standard_wrapper\">\n<div id=\"1751222591960014518\" class=\"portfolio_filter_wrapper gallery classic two_cols\" data-columns=\"2\">\n<div class=\"element grid classic2_cols animated1\">\n<div class=\"one_half gallery2 classic static filterable portfolio_type themeborder\"><a class=\"tour_image\" href=\"https:\/\/aroundgdansk.pl\/pl\/tour\/voucher-na-wycieczke-kajakowa\/\"><br \/>\n\t\t\t\t\t<img decoding=\"async\" src=\"https:\/\/aroundgdansk.pl\/wp-content\/uploads\/2025\/02\/6030025-700x466.jpg\" alt=\"Karta podarunkowa\" \/><\/a><\/p>\n<div class=\"portfolio_info_wrapper\">\n        \t\t    <a class=\"tour_link\" href=\"https:\/\/aroundgdansk.pl\/pl\/tour\/voucher-na-wycieczke-kajakowa\/\"><\/p>\n<h4>Karta podarunkowa<\/h4>\n<p><\/a><\/p>\n<div class=\"tour_excerpt\">\n<p>Karta podarunkowa na sp\u0142ywy kajakowe po Gda\u0144sku \u2013 wybierz warto\u015b\u0107, a obdarowany sam zdecyduje o swojej przygodzie!<\/p>\n<\/div>\n<div class=\"tour_attribute_wrapper\"><\/div>\n<p>        \t\t    <br class=\"clear\"\/>\n\t\t\t\t<\/div>\n<\/div>\n<\/div>\n<div class=\"element grid classic2_cols animated2\">\n<div class=\"one_half gallery2 classic static filterable portfolio_type themeborder\"><a class=\"tour_image\" href=\"https:\/\/aroundgdansk.pl\/pl\/tour\/zimowa-wycieczka-kajakowa\/\"><br \/>\n\t\t\t\t\t<img decoding=\"async\" src=\"https:\/\/aroundgdansk.pl\/wp-content\/uploads\/2023\/01\/B200026-700x466.jpg\" alt=\"Zimowa wycieczka kajakowa\" \/><\/p>\n<div class=\"tour_label\">Nowa<\/div>\n<div class=\"tour_price \">169 z\u0142<\/div>\n<p><\/a><\/p>\n<div class=\"portfolio_info_wrapper\">\n        \t\t    <a class=\"tour_link\" href=\"https:\/\/aroundgdansk.pl\/pl\/tour\/zimowa-wycieczka-kajakowa\/\"><\/p>\n<h4>Zimowa wycieczka kajakowa<\/h4>\n<p><\/a><\/p>\n<div class=\"tour_excerpt\">\n<p>Czas: 2,5 h | Dystans: 5 km | Poziom: \u0142atwy | J\u0119zyk: angielski\/polski<br \/>\nOdkryj Mot\u0142aw\u0119 i gda\u0144skie kana\u0142y w ich najspokojniejszym i najpi\u0119kniejszym czasie &#8211; zim\u0105! Podziwiaj Gda\u0144sk przykryty \u015bniegiem z perspektywy kajaka poruszaj\u0105c si\u0119 po \u2026<\/p>\n<\/div>\n<div class=\"tour_attribute_wrapper\"><\/div>\n<p>        \t\t    <br class=\"clear\"\/>\n\t\t\t\t<\/div>\n<\/div>\n<\/div>\n<div class=\"element grid classic2_cols animated3\">\n<div class=\"one_half gallery2 classic static filterable portfolio_type themeborder\"><a class=\"tour_image\" href=\"https:\/\/aroundgdansk.pl\/pl\/tour\/gdansk-z-kajaka\/\"><br \/>\n\t\t\t\t\t<img decoding=\"async\" src=\"https:\/\/aroundgdansk.pl\/wp-content\/uploads\/2019\/10\/DSF5788-700x466.jpg\" alt=\"Group kayaking in red kayaks on Gda\u0144sk Mot\u0142awa River with historic buildings\" \/><\/p>\n<div class=\"tour_label\">Codziennie<\/div>\n<div class=\"tour_price \">od 99 z\u0142<\/div>\n<p><\/a><\/p>\n<div class=\"portfolio_info_wrapper\">\n        \t\t    <a class=\"tour_link\" href=\"https:\/\/aroundgdansk.pl\/pl\/tour\/gdansk-z-kajaka\/\"><\/p>\n<h4>Gda\u0144sk z kajaka<\/h4>\n<p><\/a><\/p>\n<div class=\"tour_excerpt\">\n<p>codzienna 2.5 h wycieczka kajakowa<\/p>\n<\/div>\n<div class=\"tour_attribute_wrapper\"><\/div>\n<p>        \t\t    <br class=\"clear\"\/>\n\t\t\t\t<\/div>\n<\/div>\n<\/div>\n<div class=\"element grid classic2_cols animated4\">\n<div class=\"one_half gallery2 classic static filterable portfolio_type themeborder\"><a class=\"tour_image\" href=\"https:\/\/aroundgdansk.pl\/pl\/tour\/zachod-slonca-z-kajaka\/\"><br \/>\n\t\t\t\t\t<img decoding=\"async\" src=\"https:\/\/aroundgdansk.pl\/wp-content\/uploads\/2018\/12\/7260060-700x466.jpg\" alt=\"Zach\u00f3d s\u0142o\u0144ca z kajaka\" \/><\/p>\n<div class=\"tour_label\">Ulubiona!<\/div>\n<div class=\"tour_price \">od 129 z\u0142<\/div>\n<p><\/a><\/p>\n<div class=\"portfolio_info_wrapper\">\n        \t\t    <a class=\"tour_link\" href=\"https:\/\/aroundgdansk.pl\/pl\/tour\/zachod-slonca-z-kajaka\/\"><\/p>\n<h4>Zach\u00f3d s\u0142o\u0144ca z kajaka<\/h4>\n<p><\/a><\/p>\n<div class=\"tour_excerpt\">\n<p>2.5 h wycieczka kajakowa po angielsku<\/p>\n<\/div>\n<div class=\"tour_attribute_wrapper\"><\/div>\n<p>        \t\t    <br class=\"clear\"\/>\n\t\t\t\t<\/div>\n<\/div>\n<\/div>\n<div class=\"element grid classic2_cols animated5\">\n<div class=\"one_half gallery2 classic static filterable portfolio_type themeborder\"><a class=\"tour_image\" href=\"https:\/\/aroundgdansk.pl\/pl\/tour\/prywatna-wycieczka-w-gdansku\/\"><br \/>\n\t\t\t\t\t<img decoding=\"async\" src=\"https:\/\/aroundgdansk.pl\/wp-content\/uploads\/2019\/10\/around-gdansk-evening-kayak-tour-44-700x466.jpg\" alt=\"Group kayaking on a city river with a scenic backdrop\" \/><\/p>\n<div class=\"tour_label\">Prywatna<\/div>\n<div class=\"tour_price \">od 99 z\u0142<\/div>\n<p><\/a><\/p>\n<div class=\"portfolio_info_wrapper\">\n        \t\t    <a class=\"tour_link\" href=\"https:\/\/aroundgdansk.pl\/pl\/tour\/prywatna-wycieczka-w-gdansku\/\"><\/p>\n<h4>Prywatna wycieczka w Gda\u0144sku<\/h4>\n<p><\/a><\/p>\n<div class=\"tour_excerpt\">\n<p>2.5 h prywatna wycieczka kajakowa<\/p>\n<\/div>\n<div class=\"tour_attribute_wrapper\"><\/div>\n<p>        \t\t    <br class=\"clear\"\/>\n\t\t\t\t<\/div>\n<\/div>\n<\/div>\n<\/div>\n<\/div>\n<\/div>\n<\/div>\n<div class=\"divider one\">&nbsp;<\/div>\n<div  class=\"one withsmallpadding\" style=\"padding:40px 0 40px 0;\" >\n<div class=\"standard_wrapper\">\n<div class=\"page_content_wrapper\">\n<div class=\"inner\">\n<div class=\"inner_wrapper\">\n<div class=\"sidebar_content \">\n<h3>Projekt Gda\u0144sk z Kajaka to po\u0142\u0105czenie <span style=\"color: #222222;\">naszych dw\u00f3ch wielkich pasji: kajakarstwa i odkrywania<\/span><span style=\"color: #222222;\"> Gda\u0144ska i okolic z nietuzinkowej perspektywy.\u00a0<\/span><\/h3>\n<p><span style=\"color: #222222;\">Kajaki to \u015bwietna alternatywa na odkrywanie Gda\u0144ska jakiego nie do\u015bwiadczysz podczas spaceru. Niewa\u017cne czy jeste\u015b turyst\u0105, czy mieszkasz w okolicy. Gda\u0144sk z kajaka to <\/span><span style=\"color: #222222;\">spos\u00f3b na omini\u0119cie zat\u0142oczonych uliczek oraz obejrzenie znanych zabytk\u00f3w z nowej perspektywy. Wspania\u0142a przygoda z rodzin\u0105 lub przyjaci\u00f3\u0142mi niemal w centrum miasta!<\/span><\/p>\n<\/div>\n<div class=\"sidebar_wrapper \">\n<div class=\"sidebar\">\n<div class=\"content\">\n<ul class=\"sidebar_widget\">\n<li id=\"custom_html-2\" class=\"widget_text widget widget_custom_html\">\n<h2 class=\"widgettitle\">Top-rated on TripAdvisor<\/h2>\n<div class=\"textwidget custom-html-widget\">\n<div id=\"TA_cdsratingsonlynarrow191\" class=\"TA_cdsratingsonlynarrow\">\n<ul id=\"9A03XQ\" class=\"TA_links 5e4P0kej\">\n<li id=\"x2gQ120LEPrh\" class=\"en9gWQh1d9o\"><a target=\"_blank\" href=\"https:\/\/www.tripadvisor.co.uk\/\"><img decoding=\"async\" src=\"https:\/\/www.tripadvisor.co.uk\/img\/cdsi\/img2\/branding\/tripadvisor_logo_transp_340x80-18034-2.png\" alt=\"TripAdvisor\"\/><\/a><\/li>\n<\/ul>\n<\/div>\n<p><script async src=\"https:\/\/www.jscache.com\/wejs?wtype=cdsratingsonlynarrow&amp;uniq=191&amp;locationId=10450643&amp;lang=en_UK&amp;border=true&amp;display_version=2\" data-loadtrk onload=\"this.loadtrk=true\"><\/script><\/div>\n<\/li>\n<li id=\"media_image-3\" class=\"widget widget_media_image\">\n<h2 class=\"widgettitle\">Visit our sister-company<\/h2>\n<p><a href=\"https:\/\/kanotcenter.com\/\"><img loading=\"lazy\" loading=\"lazy\" decoding=\"async\" width=\"300\" height=\"194\" src=\"https:\/\/aroundgdansk.pl\/wp-content\/uploads\/2021\/11\/Uthyrning-butik-1-300x194.jpg\" class=\"image wp-image-8885  attachment-medium size-medium\" alt=\"Sea kayaker paddling near Sk\u00e4rg\u00e5rdens Kanotcenter, scenic Swedish archipelago\" style=\"max-width: 100%; height: auto;\" \/><\/a><\/li>\n<\/ul>\n<\/div>\n<\/div>\n<\/div>\n<\/div>\n<\/div>\n<\/div>\n<\/div>\n<\/div>\n<div  class=\"one\" >\n<div class=\"one_half_bg parallax\" style=\"background-image:url(https:\/\/aroundgdansk.pl\/wp-content\/uploads\/2019\/10\/around-gdansk-by-kayak-evening-tour-2.jpg);height:600px;\"><\/div>\n<div class=\"one_half_bg\" style=\"padding:40px;\">\n<h2 class=\"ppb_title\" style=\"\">Dlaczego warto zwiedzi\u0107 Gda\u0144sk z kajaka?<\/h2>\n<div class=\"ppb_header_content\">\n<p>Przez centrum Gda\u0144ska, szczeg\u00f3lnie w letnich miesi\u0105cach, niemal ka\u017cdego dnia przewijaj\u0105 si\u0119 t\u0142umy turyst\u00f3w. Spacer po D\u0142ugim Pobrze\u017cu przypomina wtedy stanie w kolejce do ciastkarni w T\u0142usty Czwartek. Kajaki to \u015bwietna alternatywa nie tylko na omini\u0119cie zat\u0142oczonych uliczek, ale tak\u017ce obejrzenie znanych zabytk\u00f3w z nowej perspektywy. Po drodze b\u0119dziesz mia\u0142 niepowtarzaln\u0105 okazj\u0119 zobaczy\u0107 najwa\u017cniejsze atrakcje Gda\u0144ska z perspektywy kajaka. Na nasze trasie m.in.: \u017buraw, So\u0142dek, Wyspa Spichrz\u00f3w, Wyspa O\u0142owianka, k\u0142adka na O\u0142owiank\u0119, Kana\u0142 Raduni, D\u0142ugie Pobrze\u017ce, Polska Filharmonia Ba\u0142tycka, Stocznia Gda\u0144ska, Martwa Wis\u0142a oraz Kamienna \u015aluza i Op\u0142yw Mot\u0142awy w zale\u017cno\u015bci od warunk\u00f3w na wodzie.<\/p>\n<\/div>\n<\/div>\n<p><br class=\"clear\"\/><\/div>\n<div  class=\"one\" >\n<div class=\"one_half_bg textright\" style=\"padding:40px;\">\n<h2 class=\"ppb_title\" style=\"\">Odkryj Gda\u0144sk na nowo<\/h2>\n<div class=\"ppb_header_content\">\n<p>By\u0107 mo\u017ce jeste\u015b z Gda\u0144ska. Mo\u017cliwe, \u017ce znasz dobrze miasto, jego niesamowite uliczki i zabytki. Na wycieczce kajakowej masz niepowtarzaln\u0105 okazj\u0119 by odkry\u0107 Gda\u0144sk od strony wody. Gda\u0144sk jest wyj\u0105tkowo po\u0142o\u017cony na skrzy\u017cowaniu szlak\u00f3w morskich i rzecznych, szlak\u00f3w wodnych Wis\u0142y u uj\u015bcia Ba\u0142tyku, a tak\u017ce rzek Raduni i Mot\u0142awy. Mia\u0142o to znacz\u0105cy wp\u0142yw na rozw\u00f3j miasta. Przep\u0142ywaj\u0105ca przez miasto Mot\u0142awa od niepami\u0119tnych czas\u00f3w pe\u0142ni\u0142a bardzo wa\u017cn\u0105 funkcj\u0119. Od \u015bredniowiecza w\u0142a\u015bnie na Mot\u0142awie znajdowa\u0142 si\u0119 port morski. Dawa\u0142o to miastu znaczn\u0105 przewag\u0119 i uczyni\u0142o je centrum polskiego handlu morskiego.<\/p>\n<\/div>\n<\/div>\n<div class=\"one_half_bg parallax\" style=\"background-image:url(https:\/\/aroundgdansk.pl\/wp-content\/uploads\/2019\/10\/DSC0019.jpg);height:600px;\"><\/div>\n<p><br class=\"clear\"\/><\/div>\n<div  class=\"one\" >\n<div class=\"one_half_bg parallax\" style=\"background-image:url(https:\/\/aroundgdansk.pl\/wp-content\/uploads\/2019\/10\/around-gdansk-tours-adventures-85.jpg);height:600px;\"><\/div>\n<div class=\"one_half_bg\" style=\"padding:40px;\">\n<h2 class=\"ppb_title\" style=\"\">Przybij mokr\u0105 pi\u0105tk\u0119 z So\u0142dkiem<\/h2>\n<div class=\"ppb_header_content\">\n<p>So\u0142dek to pierwszy oddany do eksploatacji statek pe\u0142nomorski. Zwodowanie statku odby\u0142o si\u0119 w 1948 r. Jednostka mia\u0142a nosi\u0107 nazwisko przoduj\u0105cego stoczniowca, kt\u00f3rym zosta\u0142 traser Stanis\u0142aw So\u0142dek. Obecnie statek pe\u0142ni funkcj\u0119 muzeum. Mo\u017cemy podp\u0142yn\u0105\u0107 bli\u017cej i zobaczy\u0107 na burtach wyj\u0105tkow\u0105, niestosowan\u0105 ju\u017c obecnie spawano-nitowan\u0105 konstrukcj\u0119 statku, w kt\u00f3rej zakuto 300 tysi\u0119cy nit\u00f3w. Przep\u0142ywanie kajakiem obok tego olbrzyma zawsze robi niesamowite wra\u017cenie, kt\u00f3re pot\u0119gujemy odbijaj\u0105c nasz\u0105 ma\u0142\u0105, mokr\u0105 kajakarsk\u0105 d\u0142o\u0144 na jego gigantycznym kad\u0142ubie.<\/p>\n<\/div>\n<\/div>\n<p><br class=\"clear\"\/><\/div>\n<div  class=\"one\" >\n<div class=\"one_half_bg textright\" style=\"padding:40px;\">\n<h2 class=\"ppb_title\" style=\"\">Przygoda dla ka\u017cdego<\/h2>\n<div class=\"ppb_header_content\">\n<p>Zwiedzanie Gda\u0144ska kajakiem to \u015bwietna przygoda dla ka\u017cdego! To \u015bwietny pomys\u0142 na rodzinny weekend, tak\u017ce z dzie\u0107mi. Je\u017celi nie masz nikogo znajomego \u2013 nie szkodzi! Masz okazj\u0119 pozna\u0107 ciekawych ludzi o podobnych zainteresowaniach. Trasa nie jest wymagaj\u0105ca i w<span style=\"color: #222222;\"> przypadku wi\u0119kszo\u015bci naszych wycieczek nie musisz mie\u0107 wcze\u015bniejszego do\u015bwiadczenia kajakowego. Wszyscy uczestnicy powinni posiada\u0107 umiej\u0119tno\u015b\u0107 p\u0142ywania oraz dobr\u0105 kondycj\u0119 fizyczn\u0105. <\/span><\/p>\n<\/div>\n<\/div>\n<div class=\"one_half_bg parallax\" style=\"background-image:url(https:\/\/aroundgdansk.pl\/wp-content\/uploads\/2019\/10\/around-gdansk-evening-kayak-tour-96.jpg);height:600px;\"><\/div>\n<p><br class=\"clear\"\/><\/div>\n<div  class=\"one\" >\n<div class=\"one_half_bg parallax\" style=\"background-image:url(https:\/\/aroundgdansk.pl\/wp-content\/uploads\/2019\/10\/around-gdansk-evening-kayak-tour-46.jpg);height:600px;\"><\/div>\n<div class=\"one_half_bg\" style=\"padding:40px;\">\n<h2 class=\"ppb_title\" style=\"\">Bezpiecze\u0144stwo<\/h2>\n<div class=\"ppb_header_content\">\n<p>Wiemy jak wa\u017cne jest bezpiecze\u0144stwo, kt\u00f3re stawiamy zawsze na pierwszym miejscu. Jako partnerzy Wear It Poland \u2013 organizacji z kt\u00f3r\u0105 wsp\u00f3\u0142pracujemy \u2013 promujemy i rozpowszechniamy wiedz\u0119 dotycz\u0105c\u0105 noszenia kamizelek ratunkowych i asekuracyjnych podczas uprawiania sport\u00f3w wodnych. Podczas wycieczki zapewniamy kamizelki asekuracyjne dla ka\u017cdego uczestnika, r\u00f3wnie\u017c kamizelki dla dzieci. Ka\u017cd\u0105 wycieczk\u0119 asekuruj\u0105 dodatkowo do\u015bwiadczeni kajakarze, kt\u00f3rzy dbaj\u0105 o to by grupa p\u0142yn\u0119\u0142a zwartym szykiem. Jest to niezwykle wa\u017cne, bo w kilku miejscach przep\u0142ywamy przez szlaki wodne, gdzie poruszaj\u0105 si\u0119 tak\u017ce du\u017ce jednostki.<\/p>\n<\/div>\n<\/div>\n<p><br class=\"clear\"\/><\/div>\n<div  class=\"one\" >\n<div class=\"one_half_bg textright\" style=\"padding:40px;\">\n<h2 class=\"ppb_title\" style=\"\">Spotkajmy si\u0119 w Stoczni Cesarskiej<\/h2>\n<div class=\"ppb_header_content\">\n<p>Wi\u0119kszo\u015b\u0107 naszych wycieczek kajakowych w Gda\u0144sku zaczyna si\u0119 i ko\u0144czy w tym samym punkcie, kt\u00f3ry znajduje si\u0119 w bardzo wyj\u0105tkowej, stoczniowej dzielnicy Gda\u0144ska. Stocznia Cesarska to najstarsza cz\u0119\u015b\u0107 Stoczni Gda\u0144skiej i kolebka Solidarno\u015bci. Obszar ten nie by\u0142 dost\u0119pny dla ludzi przez ponad 170 lat. Cieszymy si\u0119, \u017ce mo\u017cemy spotka\u0107 si\u0119 z Wami w tej wyj\u0105tkowej przestrzeni.<\/p>\n<p>Przespaceruj si\u0119 najstarsz\u0105 cz\u0119\u015bci\u0105 Stoczni Gda\u0144skiej. Zobacz dziedzictwo przemys\u0142owe i odkryj fascynuj\u0105c\u0105 histori\u0119 miejsca, w kt\u00f3rym narodzi\u0142 si\u0119 duch Solidarno\u015bci. Pod\u0105\u017caj \u015bladami stoczniowc\u00f3w i dowiedz si\u0119, jak zacz\u0119\u0142a si\u0119 polska droga do wolno\u015bci. Poznaj fakty o \u017cyciu w stoczni i imponuj\u0105cej produkcji morskiej.<\/p>\n<p><a href=\"https:\/\/stoczniacesarska.pl\/pl\/newstories\/szlak-stoczni-cesarskiej\/\">Mapa i wi\u0119cej o Szlaku Stocznie Cesarskiej \u2192<\/a><\/p>\n<\/div>\n<\/div>\n<div class=\"one_half_bg parallax\" style=\"background-image:url(https:\/\/aroundgdansk.pl\/wp-content\/uploads\/2019\/11\/erasmus.jpg);height:600px;\"><\/div>\n<p><br class=\"clear\"\/><\/div>\n<div  class=\"one withsmallpadding ppb_text\" style=\"padding:40px;\" >\n<p><script defer async src='https:\/\/cdn.trustindex.io\/loader-cert.js?a5cf6d2492bc0284e976d9facac'><\/script><\/p>\n<\/div>\n","protected":false},"excerpt":{"rendered":"<p>Wycieczka kajakowa to \u015bwietny spos\u00f3b na zwiedzenie Gda\u0144ska i okolic z innej perspektywy. Wskocz do jednego z naszych kajak\u00f3w i prze\u017cyj niezapomnian\u0105 przygod\u0119 niemal w centrum miasta! Karta podarunkowa Karta podarunkowa na sp\u0142ywy kajakowe po Gda\u0144sku \u2013 wybierz warto\u015b\u0107, a [&hellip;]<\/p>\n","protected":false},"author":1,"featured_media":10391,"parent":0,"menu_order":0,"comment_status":"closed","ping_status":"closed","template":"","meta":{"footnotes":""},"class_list":["post-5968","page","type-page","status-publish","has-post-thumbnail","hentry"],"yoast_head":"<!-- This site is optimized with the Yoast SEO plugin v27.3 - https:\/\/yoast.com\/product\/yoast-seo-wordpress\/ -->\n<title>Gda\u0144sk z kajaka - Around Gdansk | Tours &amp; Adventures<\/title>\n<meta name=\"robots\" content=\"index, follow, max-snippet:-1, max-image-preview:large, max-video-preview:-1\" \/>\n<link rel=\"canonical\" href=\"https:\/\/aroundgdansk.pl\/pl\/gdansk-z-kajaka\/\" \/>\n<meta property=\"og:locale\" content=\"pl_PL\" \/>\n<meta property=\"og:type\" content=\"article\" \/>\n<meta property=\"og:title\" content=\"Gda\u0144sk z kajaka - Around Gdansk | Tours &amp; Adventures\" \/>\n<meta property=\"og:description\" content=\"Wycieczka kajakowa to \u015bwietny spos\u00f3b na zwiedzenie Gda\u0144ska i okolic z innej perspektywy. Wskocz do jednego z naszych kajak\u00f3w i prze\u017cyj niezapomnian\u0105 przygod\u0119 niemal w centrum miasta! Karta podarunkowa Karta podarunkowa na sp\u0142ywy kajakowe po Gda\u0144sku \u2013 wybierz warto\u015b\u0107, a [&hellip;]\" \/>\n<meta property=\"og:url\" content=\"https:\/\/aroundgdansk.pl\/pl\/gdansk-z-kajaka\/\" \/>\n<meta property=\"og:site_name\" content=\"Around Gdansk | Tours &amp; Adventures\" \/>\n<meta property=\"article:publisher\" content=\"https:\/\/www.facebook.com\/aroundgdansk\" \/>\n<meta property=\"article:modified_time\" content=\"2026-02-18T13:32:33+00:00\" \/>\n<meta property=\"og:image\" content=\"https:\/\/aroundgdansk.pl\/wp-content\/uploads\/2019\/10\/DSF5788.jpg\" \/>\n\t<meta property=\"og:image:width\" content=\"1350\" \/>\n\t<meta property=\"og:image:height\" content=\"900\" \/>\n\t<meta property=\"og:image:type\" content=\"image\/jpeg\" \/>\n<meta name=\"twitter:card\" content=\"summary_large_image\" \/>\n<meta name=\"twitter:label1\" content=\"Szacowany czas czytania\" \/>\n\t<meta name=\"twitter:data1\" content=\"5 minut\" \/>\n<script type=\"application\/ld+json\" class=\"yoast-schema-graph\">{\"@context\":\"https:\\\/\\\/schema.org\",\"@graph\":[{\"@type\":\"WebPage\",\"@id\":\"https:\\\/\\\/aroundgdansk.pl\\\/pl\\\/gdansk-z-kajaka\\\/\",\"url\":\"https:\\\/\\\/aroundgdansk.pl\\\/pl\\\/gdansk-z-kajaka\\\/\",\"name\":\"Gda\u0144sk z kajaka - Around Gdansk | Tours &amp; Adventures\",\"isPartOf\":{\"@id\":\"https:\\\/\\\/aroundgdansk.pl\\\/pl\\\/#website\"},\"primaryImageOfPage\":{\"@id\":\"https:\\\/\\\/aroundgdansk.pl\\\/pl\\\/gdansk-z-kajaka\\\/#primaryimage\"},\"image\":{\"@id\":\"https:\\\/\\\/aroundgdansk.pl\\\/pl\\\/gdansk-z-kajaka\\\/#primaryimage\"},\"thumbnailUrl\":\"https:\\\/\\\/aroundgdansk.pl\\\/wp-content\\\/uploads\\\/2019\\\/10\\\/DSF5788.jpg\",\"datePublished\":\"2019-10-26T13:29:24+00:00\",\"dateModified\":\"2026-02-18T13:32:33+00:00\",\"breadcrumb\":{\"@id\":\"https:\\\/\\\/aroundgdansk.pl\\\/pl\\\/gdansk-z-kajaka\\\/#breadcrumb\"},\"inLanguage\":\"pl-PL\",\"potentialAction\":[{\"@type\":\"ReadAction\",\"target\":[\"https:\\\/\\\/aroundgdansk.pl\\\/pl\\\/gdansk-z-kajaka\\\/\"]}]},{\"@type\":\"ImageObject\",\"inLanguage\":\"pl-PL\",\"@id\":\"https:\\\/\\\/aroundgdansk.pl\\\/pl\\\/gdansk-z-kajaka\\\/#primaryimage\",\"url\":\"https:\\\/\\\/aroundgdansk.pl\\\/wp-content\\\/uploads\\\/2019\\\/10\\\/DSF5788.jpg\",\"contentUrl\":\"https:\\\/\\\/aroundgdansk.pl\\\/wp-content\\\/uploads\\\/2019\\\/10\\\/DSF5788.jpg\",\"width\":1350,\"height\":900},{\"@type\":\"BreadcrumbList\",\"@id\":\"https:\\\/\\\/aroundgdansk.pl\\\/pl\\\/gdansk-z-kajaka\\\/#breadcrumb\",\"itemListElement\":[{\"@type\":\"ListItem\",\"position\":1,\"name\":\"Home\",\"item\":\"https:\\\/\\\/aroundgdansk.pl\\\/pl\\\/\"},{\"@type\":\"ListItem\",\"position\":2,\"name\":\"Gda\u0144sk z kajaka\"}]},{\"@type\":\"WebSite\",\"@id\":\"https:\\\/\\\/aroundgdansk.pl\\\/pl\\\/#website\",\"url\":\"https:\\\/\\\/aroundgdansk.pl\\\/pl\\\/\",\"name\":\"Around Gdansk | Tours & Adventures\",\"description\":\"Your unique way to discover Gdansk\",\"publisher\":{\"@id\":\"https:\\\/\\\/aroundgdansk.pl\\\/pl\\\/#organization\"},\"potentialAction\":[{\"@type\":\"SearchAction\",\"target\":{\"@type\":\"EntryPoint\",\"urlTemplate\":\"https:\\\/\\\/aroundgdansk.pl\\\/pl\\\/?s={search_term_string}\"},\"query-input\":{\"@type\":\"PropertyValueSpecification\",\"valueRequired\":true,\"valueName\":\"search_term_string\"}}],\"inLanguage\":\"pl-PL\"},{\"@type\":\"Organization\",\"@id\":\"https:\\\/\\\/aroundgdansk.pl\\\/pl\\\/#organization\",\"name\":\"AroundGdansk\",\"url\":\"https:\\\/\\\/aroundgdansk.pl\\\/pl\\\/\",\"logo\":{\"@type\":\"ImageObject\",\"inLanguage\":\"pl-PL\",\"@id\":\"https:\\\/\\\/aroundgdansk.pl\\\/pl\\\/#\\\/schema\\\/logo\\\/image\\\/\",\"url\":\"https:\\\/\\\/aroundgdansk.pl\\\/wp-content\\\/uploads\\\/2025\\\/07\\\/AROUND-GDANSK-LOGO.png\",\"contentUrl\":\"https:\\\/\\\/aroundgdansk.pl\\\/wp-content\\\/uploads\\\/2025\\\/07\\\/AROUND-GDANSK-LOGO.png\",\"width\":500,\"height\":500,\"caption\":\"AroundGdansk\"},\"image\":{\"@id\":\"https:\\\/\\\/aroundgdansk.pl\\\/pl\\\/#\\\/schema\\\/logo\\\/image\\\/\"},\"sameAs\":[\"https:\\\/\\\/www.facebook.com\\\/aroundgdansk\",\"https:\\\/\\\/www.instagram.com\\\/aroundgdansk\\\/\"]}]}<\/script>\n<!-- \/ Yoast SEO plugin. -->","yoast_head_json":{"title":"Gda\u0144sk z kajaka - Around Gdansk | Tours &amp; Adventures","robots":{"index":"index","follow":"follow","max-snippet":"max-snippet:-1","max-image-preview":"max-image-preview:large","max-video-preview":"max-video-preview:-1"},"canonical":"https:\/\/aroundgdansk.pl\/pl\/gdansk-z-kajaka\/","og_locale":"pl_PL","og_type":"article","og_title":"Gda\u0144sk z kajaka - Around Gdansk | Tours &amp; Adventures","og_description":"Wycieczka kajakowa to \u015bwietny spos\u00f3b na zwiedzenie Gda\u0144ska i okolic z innej perspektywy. Wskocz do jednego z naszych kajak\u00f3w i prze\u017cyj niezapomnian\u0105 przygod\u0119 niemal w centrum miasta! Karta podarunkowa Karta podarunkowa na sp\u0142ywy kajakowe po Gda\u0144sku \u2013 wybierz warto\u015b\u0107, a [&hellip;]","og_url":"https:\/\/aroundgdansk.pl\/pl\/gdansk-z-kajaka\/","og_site_name":"Around Gdansk | Tours &amp; Adventures","article_publisher":"https:\/\/www.facebook.com\/aroundgdansk","article_modified_time":"2026-02-18T13:32:33+00:00","og_image":[{"width":1350,"height":900,"url":"https:\/\/aroundgdansk.pl\/wp-content\/uploads\/2019\/10\/DSF5788.jpg","type":"image\/jpeg"}],"twitter_card":"summary_large_image","twitter_misc":{"Szacowany czas czytania":"5 minut"},"schema":{"@context":"https:\/\/schema.org","@graph":[{"@type":"WebPage","@id":"https:\/\/aroundgdansk.pl\/pl\/gdansk-z-kajaka\/","url":"https:\/\/aroundgdansk.pl\/pl\/gdansk-z-kajaka\/","name":"Gda\u0144sk z kajaka - Around Gdansk | Tours &amp; Adventures","isPartOf":{"@id":"https:\/\/aroundgdansk.pl\/pl\/#website"},"primaryImageOfPage":{"@id":"https:\/\/aroundgdansk.pl\/pl\/gdansk-z-kajaka\/#primaryimage"},"image":{"@id":"https:\/\/aroundgdansk.pl\/pl\/gdansk-z-kajaka\/#primaryimage"},"thumbnailUrl":"https:\/\/aroundgdansk.pl\/wp-content\/uploads\/2019\/10\/DSF5788.jpg","datePublished":"2019-10-26T13:29:24+00:00","dateModified":"2026-02-18T13:32:33+00:00","breadcrumb":{"@id":"https:\/\/aroundgdansk.pl\/pl\/gdansk-z-kajaka\/#breadcrumb"},"inLanguage":"pl-PL","potentialAction":[{"@type":"ReadAction","target":["https:\/\/aroundgdansk.pl\/pl\/gdansk-z-kajaka\/"]}]},{"@type":"ImageObject","inLanguage":"pl-PL","@id":"https:\/\/aroundgdansk.pl\/pl\/gdansk-z-kajaka\/#primaryimage","url":"https:\/\/aroundgdansk.pl\/wp-content\/uploads\/2019\/10\/DSF5788.jpg","contentUrl":"https:\/\/aroundgdansk.pl\/wp-content\/uploads\/2019\/10\/DSF5788.jpg","width":1350,"height":900},{"@type":"BreadcrumbList","@id":"https:\/\/aroundgdansk.pl\/pl\/gdansk-z-kajaka\/#breadcrumb","itemListElement":[{"@type":"ListItem","position":1,"name":"Home","item":"https:\/\/aroundgdansk.pl\/pl\/"},{"@type":"ListItem","position":2,"name":"Gda\u0144sk z kajaka"}]},{"@type":"WebSite","@id":"https:\/\/aroundgdansk.pl\/pl\/#website","url":"https:\/\/aroundgdansk.pl\/pl\/","name":"Around Gdansk | Tours & Adventures","description":"Your unique way to discover Gdansk","publisher":{"@id":"https:\/\/aroundgdansk.pl\/pl\/#organization"},"potentialAction":[{"@type":"SearchAction","target":{"@type":"EntryPoint","urlTemplate":"https:\/\/aroundgdansk.pl\/pl\/?s={search_term_string}"},"query-input":{"@type":"PropertyValueSpecification","valueRequired":true,"valueName":"search_term_string"}}],"inLanguage":"pl-PL"},{"@type":"Organization","@id":"https:\/\/aroundgdansk.pl\/pl\/#organization","name":"AroundGdansk","url":"https:\/\/aroundgdansk.pl\/pl\/","logo":{"@type":"ImageObject","inLanguage":"pl-PL","@id":"https:\/\/aroundgdansk.pl\/pl\/#\/schema\/logo\/image\/","url":"https:\/\/aroundgdansk.pl\/wp-content\/uploads\/2025\/07\/AROUND-GDANSK-LOGO.png","contentUrl":"https:\/\/aroundgdansk.pl\/wp-content\/uploads\/2025\/07\/AROUND-GDANSK-LOGO.png","width":500,"height":500,"caption":"AroundGdansk"},"image":{"@id":"https:\/\/aroundgdansk.pl\/pl\/#\/schema\/logo\/image\/"},"sameAs":["https:\/\/www.facebook.com\/aroundgdansk","https:\/\/www.instagram.com\/aroundgdansk\/"]}]}},"_links":{"self":[{"href":"https:\/\/aroundgdansk.pl\/pl\/wp-json\/wp\/v2\/pages\/5968","targetHints":{"allow":["GET"]}}],"collection":[{"href":"https:\/\/aroundgdansk.pl\/pl\/wp-json\/wp\/v2\/pages"}],"about":[{"href":"https:\/\/aroundgdansk.pl\/pl\/wp-json\/wp\/v2\/types\/page"}],"author":[{"embeddable":true,"href":"https:\/\/aroundgdansk.pl\/pl\/wp-json\/wp\/v2\/users\/1"}],"replies":[{"embeddable":true,"href":"https:\/\/aroundgdansk.pl\/pl\/wp-json\/wp\/v2\/comments?post=5968"}],"version-history":[{"count":110,"href":"https:\/\/aroundgdansk.pl\/pl\/wp-json\/wp\/v2\/pages\/5968\/revisions"}],"predecessor-version":[{"id":10426,"href":"https:\/\/aroundgdansk.pl\/pl\/wp-json\/wp\/v2\/pages\/5968\/revisions\/10426"}],"wp:featuredmedia":[{"embeddable":true,"href":"https:\/\/aroundgdansk.pl\/pl\/wp-json\/wp\/v2\/media\/10391"}],"wp:attachment":[{"href":"https:\/\/aroundgdansk.pl\/pl\/wp-json\/wp\/v2\/media?parent=5968"}],"curies":[{"name":"wp","href":"https:\/\/api.w.org\/{rel}","templated":true}]}}