{"id":5984,"date":"2019-10-26T15:34:05","date_gmt":"2019-10-26T14:34:05","guid":{"rendered":"https:\/\/aroundgdansk.pl\/?page_id=5984"},"modified":"2025-06-29T20:43:33","modified_gmt":"2025-06-29T18:43:33","slug":"wazne-informacje","status":"publish","type":"page","link":"https:\/\/aroundgdansk.pl\/pl\/gdansk-z-kajaka\/wazne-informacje\/","title":{"rendered":"Wa\u017cne informacje"},"content":{"rendered":"<h3>Gda\u0144sk z kajaka &#8211; Miejsce spotkania<\/h3>\n<p><strong>Nasza baza kajakowa mie\u015bci si\u0119 na terenach Stoczni Cesarskiej. W tym miejscu spotkasz swojego przewodnika oraz zaczniesz wycieczk\u0119 kajakow\u0105. Je\u015bli w danej wycieczce nie podano inaczej, tras\u0119 ko\u0144czymy w tym samym miejscu.<\/strong><\/p>\n<p>Gdansk by Kayak Tours &amp; Adventures<br \/>\nDokowa 1, 80-863 Gda\u0144sk, Polska<\/p>\n<p><iframe style=\"border: 0;\" src=\"https:\/\/www.google.com\/maps\/embed?pb=!1m18!1m12!1m3!1d7274.761729002942!2d18.65562839654735!3d54.361648527065526!2m3!1f0!2f0!3f0!3m2!1i1024!2i768!4f13.1!3m3!1m2!1s0x46fd73a410924231%3A0x9d5eed1b03116c64!2sAround%20Gdansk%20%7C%20Kayak%20Tours%20%26%20Adventures!5e0!3m2!1spl!2sse!4v1619687685956!5m2!1spl!2sse\" width=\"800\" height=\"300\" allowfullscreen=\"allowfullscreen\"><\/iframe><\/p>\n<p><a href=\"https:\/\/goo.gl\/maps\/JpXkv677spfCLmDLA\" target=\"_blank\" rel=\"noopener noreferrer\">Kliknij i zobacz map\u0119 \u2192<\/a><\/p>\n<h4>Zapewniamy<\/h4>\n<p>Zapewniamy ca\u0142y podstawowy sprz\u0119t kajakowy, w tym stabilny dwuosobowy kajak wraz z wios\u0142em, kamizelk\u0105, fartuchem kajakowym i workiem kajakowym na rzeczy, kt\u00f3re chcesz zabra\u0107 ze sob\u0105.<\/p>\n<h4>Jak si\u0119 ubra\u0107<\/h4>\n<p>Wygodny sportowy str\u00f3j i buty odpowiednie do aktywno\u015bci fizycznej oraz dopasowane do aktualnej pogody.<\/p>\n<h4>Co zabra\u0107 ze sob\u0105<\/h4>\n<p>\u2022 kurtka przeciwdeszczowa\/windstopper<br \/>\n\u2022 butelka wody<br \/>\n\u2022 zestaw rzeczy na przebranie<br \/>\n\u2022 okulary s\u0142oneczne<\/p>\n<h4>Dost\u0119pne na miejscu<\/h4>\n<p>\u2022 Toalety s\u0105 dost\u0119pne na miejscu spotkania\/zako\u0144czenia wycieczki.<br \/>\n\u2022 Przechowanie baga\u017cu lub rzeczy, kt\u00f3rych nie chcesz zabiera\u0107 do kajaka jest mo\u017cliwe w naszej bazie.<br \/>\n\u2022 Zar\u00f3wno woda w butelce jak i gor\u0105ca kawa s\u0105 dost\u0119pne na miejscu, szczeg\u00f3lnie, \u017ceby rozgrza\u0107 si\u0119 po jesiennych wycieczkach.<\/p>\n<h4>J\u0119zyk, w kt\u00f3rym s\u0105 prowadzone wycieczki<\/h4>\n<p>Je\u017celi w opisie danej wycieczki nie wspomniano inaczej, wszystkie nasze wycieczki odbywaj\u0105 si\u0119 standardowo w j\u0119zyku angielskim. Nasi przewodnicy s\u0105 dwuj\u0119zyczni (polski, angielski).<\/p>\n<h4>Wymagania<\/h4>\n<p>W przypadku wi\u0119kszo\u015bci naszych wycieczek nie musisz mie\u0107 wcze\u015bniejszego do\u015bwiadczenia kajakowego. Wszyscy uczestnicy powinni posiada\u0107 umiej\u0119tno\u015b\u0107 p\u0142ywania oraz mie\u0107 dobr\u0105 kondycj\u0119 fizyczn\u0105. Limit wagi to 110 kilogram\u00f3w na osob\u0119.<\/p>\n<h4>Alkohol<\/h4>\n<p>Spo\u017cywanie alkoholu jest niedozwolone przed wycieczk\u0105 i w jej trakcie. Ka\u017cdemu, kto spo\u017cywa alkohol lub sprawia wra\u017cenie nietrze\u017awego, instruktor prowadz\u0105cy wycieczk\u0119 ma prawo odm\u00f3wi\u0107 uczestnictwa. Zwrot lub zmiana terminu wycieczki nie s\u0105 w takim przypadku mo\u017cliwe.<\/p>\n<h4>Czy nadal masz pytania?<\/h4>\n<p>Po\u015bwi\u0119\u0107 chwil\u0119 i zapoznaj si\u0119 z naszymi odpowiedziami na <a href=\"\/?page_id=10020\">najcz\u0119\u015bciej zadawane pytania<\/a> lub <a href=\"\/?page_id=5996\">skontaktuj si\u0119 z nami<\/a>!<\/p>\n<div id=\"gtx-trans\" style=\"position: absolute; left: -34px; top: 1099.08px;\">\n<div class=\"gtx-trans-icon\"><\/div>\n<\/div>\n<p><script defer async src='https:\/\/cdn.trustindex.io\/loader-cert.js?a5cf6d2492bc0284e976d9facac'><\/script><\/p>\n","protected":false},"excerpt":{"rendered":"<p>Gda\u0144sk z kajaka &#8211; Miejsce spotkania Nasza baza kajakowa mie\u015bci si\u0119 na terenach Stoczni Cesarskiej. W tym miejscu spotkasz swojego przewodnika oraz zaczniesz wycieczk\u0119 kajakow\u0105. Je\u015bli w danej wycieczce nie podano inaczej, tras\u0119 ko\u0144czymy w tym samym miejscu. Gdansk by [&hellip;]<\/p>\n","protected":false},"author":1,"featured_media":5991,"parent":5968,"menu_order":0,"comment_status":"closed","ping_status":"closed","template":"","meta":{"footnotes":""},"class_list":["post-5984","page","type-page","status-publish","has-post-thumbnail","hentry"],"yoast_head":"<!-- This site is optimized with the Yoast SEO plugin v27.3 - https:\/\/yoast.com\/product\/yoast-seo-wordpress\/ -->\n<title>Wa\u017cne informacje - Around Gdansk | Tours &amp; Adventures<\/title>\n<meta name=\"robots\" content=\"index, follow, max-snippet:-1, max-image-preview:large, max-video-preview:-1\" \/>\n<link rel=\"canonical\" href=\"https:\/\/aroundgdansk.pl\/pl\/gdansk-z-kajaka\/wazne-informacje\/\" \/>\n<meta property=\"og:locale\" content=\"pl_PL\" \/>\n<meta property=\"og:type\" content=\"article\" \/>\n<meta property=\"og:title\" content=\"Wa\u017cne informacje - Around Gdansk | Tours &amp; Adventures\" \/>\n<meta property=\"og:description\" content=\"Gda\u0144sk z kajaka &#8211; Miejsce spotkania Nasza baza kajakowa mie\u015bci si\u0119 na terenach Stoczni Cesarskiej. W tym miejscu spotkasz swojego przewodnika oraz zaczniesz wycieczk\u0119 kajakow\u0105. Je\u015bli w danej wycieczce nie podano inaczej, tras\u0119 ko\u0144czymy w tym samym miejscu. Gdansk by [&hellip;]\" \/>\n<meta property=\"og:url\" content=\"https:\/\/aroundgdansk.pl\/pl\/gdansk-z-kajaka\/wazne-informacje\/\" \/>\n<meta property=\"og:site_name\" content=\"Around Gdansk | Tours &amp; Adventures\" \/>\n<meta property=\"article:publisher\" content=\"https:\/\/www.facebook.com\/aroundgdansk\" \/>\n<meta property=\"article:modified_time\" content=\"2025-06-29T18:43:33+00:00\" \/>\n<meta property=\"og:image\" content=\"https:\/\/aroundgdansk.pl\/wp-content\/uploads\/2019\/10\/around-gdansk-tours-adventures-30_.jpg\" \/>\n\t<meta property=\"og:image:width\" content=\"1600\" \/>\n\t<meta property=\"og:image:height\" content=\"697\" \/>\n\t<meta property=\"og:image:type\" content=\"image\/jpeg\" \/>\n<meta name=\"twitter:card\" content=\"summary_large_image\" \/>\n<meta name=\"twitter:label1\" content=\"Szacowany czas czytania\" \/>\n\t<meta name=\"twitter:data1\" content=\"2 minuty\" \/>\n<script type=\"application\/ld+json\" class=\"yoast-schema-graph\">{\"@context\":\"https:\\\/\\\/schema.org\",\"@graph\":[{\"@type\":\"WebPage\",\"@id\":\"https:\\\/\\\/aroundgdansk.pl\\\/pl\\\/gdansk-z-kajaka\\\/wazne-informacje\\\/\",\"url\":\"https:\\\/\\\/aroundgdansk.pl\\\/pl\\\/gdansk-z-kajaka\\\/wazne-informacje\\\/\",\"name\":\"Wa\u017cne informacje - Around Gdansk | Tours &amp; Adventures\",\"isPartOf\":{\"@id\":\"https:\\\/\\\/aroundgdansk.pl\\\/pl\\\/#website\"},\"primaryImageOfPage\":{\"@id\":\"https:\\\/\\\/aroundgdansk.pl\\\/pl\\\/gdansk-z-kajaka\\\/wazne-informacje\\\/#primaryimage\"},\"image\":{\"@id\":\"https:\\\/\\\/aroundgdansk.pl\\\/pl\\\/gdansk-z-kajaka\\\/wazne-informacje\\\/#primaryimage\"},\"thumbnailUrl\":\"https:\\\/\\\/aroundgdansk.pl\\\/wp-content\\\/uploads\\\/2019\\\/10\\\/around-gdansk-tours-adventures-30_.jpg\",\"datePublished\":\"2019-10-26T14:34:05+00:00\",\"dateModified\":\"2025-06-29T18:43:33+00:00\",\"breadcrumb\":{\"@id\":\"https:\\\/\\\/aroundgdansk.pl\\\/pl\\\/gdansk-z-kajaka\\\/wazne-informacje\\\/#breadcrumb\"},\"inLanguage\":\"pl-PL\",\"potentialAction\":[{\"@type\":\"ReadAction\",\"target\":[\"https:\\\/\\\/aroundgdansk.pl\\\/pl\\\/gdansk-z-kajaka\\\/wazne-informacje\\\/\"]}]},{\"@type\":\"ImageObject\",\"inLanguage\":\"pl-PL\",\"@id\":\"https:\\\/\\\/aroundgdansk.pl\\\/pl\\\/gdansk-z-kajaka\\\/wazne-informacje\\\/#primaryimage\",\"url\":\"https:\\\/\\\/aroundgdansk.pl\\\/wp-content\\\/uploads\\\/2019\\\/10\\\/around-gdansk-tours-adventures-30_.jpg\",\"contentUrl\":\"https:\\\/\\\/aroundgdansk.pl\\\/wp-content\\\/uploads\\\/2019\\\/10\\\/around-gdansk-tours-adventures-30_.jpg\",\"width\":1600,\"height\":697},{\"@type\":\"BreadcrumbList\",\"@id\":\"https:\\\/\\\/aroundgdansk.pl\\\/pl\\\/gdansk-z-kajaka\\\/wazne-informacje\\\/#breadcrumb\",\"itemListElement\":[{\"@type\":\"ListItem\",\"position\":1,\"name\":\"Home\",\"item\":\"https:\\\/\\\/aroundgdansk.pl\\\/pl\\\/\"},{\"@type\":\"ListItem\",\"position\":2,\"name\":\"Gda\u0144sk z kajaka\",\"item\":\"https:\\\/\\\/aroundgdansk.pl\\\/pl\\\/gdansk-by-kayak\\\/\"},{\"@type\":\"ListItem\",\"position\":3,\"name\":\"Wa\u017cne informacje\"}]},{\"@type\":\"WebSite\",\"@id\":\"https:\\\/\\\/aroundgdansk.pl\\\/pl\\\/#website\",\"url\":\"https:\\\/\\\/aroundgdansk.pl\\\/pl\\\/\",\"name\":\"Around Gdansk | Tours & Adventures\",\"description\":\"Your unique way to discover Gdansk\",\"publisher\":{\"@id\":\"https:\\\/\\\/aroundgdansk.pl\\\/pl\\\/#organization\"},\"potentialAction\":[{\"@type\":\"SearchAction\",\"target\":{\"@type\":\"EntryPoint\",\"urlTemplate\":\"https:\\\/\\\/aroundgdansk.pl\\\/pl\\\/?s={search_term_string}\"},\"query-input\":{\"@type\":\"PropertyValueSpecification\",\"valueRequired\":true,\"valueName\":\"search_term_string\"}}],\"inLanguage\":\"pl-PL\"},{\"@type\":\"Organization\",\"@id\":\"https:\\\/\\\/aroundgdansk.pl\\\/pl\\\/#organization\",\"name\":\"AroundGdansk\",\"url\":\"https:\\\/\\\/aroundgdansk.pl\\\/pl\\\/\",\"logo\":{\"@type\":\"ImageObject\",\"inLanguage\":\"pl-PL\",\"@id\":\"https:\\\/\\\/aroundgdansk.pl\\\/pl\\\/#\\\/schema\\\/logo\\\/image\\\/\",\"url\":\"https:\\\/\\\/aroundgdansk.pl\\\/wp-content\\\/uploads\\\/2025\\\/07\\\/AROUND-GDANSK-LOGO.png\",\"contentUrl\":\"https:\\\/\\\/aroundgdansk.pl\\\/wp-content\\\/uploads\\\/2025\\\/07\\\/AROUND-GDANSK-LOGO.png\",\"width\":500,\"height\":500,\"caption\":\"AroundGdansk\"},\"image\":{\"@id\":\"https:\\\/\\\/aroundgdansk.pl\\\/pl\\\/#\\\/schema\\\/logo\\\/image\\\/\"},\"sameAs\":[\"https:\\\/\\\/www.facebook.com\\\/aroundgdansk\",\"https:\\\/\\\/www.instagram.com\\\/aroundgdansk\\\/\"]}]}<\/script>\n<!-- \/ Yoast SEO plugin. -->","yoast_head_json":{"title":"Wa\u017cne informacje - Around Gdansk | Tours &amp; Adventures","robots":{"index":"index","follow":"follow","max-snippet":"max-snippet:-1","max-image-preview":"max-image-preview:large","max-video-preview":"max-video-preview:-1"},"canonical":"https:\/\/aroundgdansk.pl\/pl\/gdansk-z-kajaka\/wazne-informacje\/","og_locale":"pl_PL","og_type":"article","og_title":"Wa\u017cne informacje - Around Gdansk | Tours &amp; Adventures","og_description":"Gda\u0144sk z kajaka &#8211; Miejsce spotkania Nasza baza kajakowa mie\u015bci si\u0119 na terenach Stoczni Cesarskiej. W tym miejscu spotkasz swojego przewodnika oraz zaczniesz wycieczk\u0119 kajakow\u0105. Je\u015bli w danej wycieczce nie podano inaczej, tras\u0119 ko\u0144czymy w tym samym miejscu. Gdansk by [&hellip;]","og_url":"https:\/\/aroundgdansk.pl\/pl\/gdansk-z-kajaka\/wazne-informacje\/","og_site_name":"Around Gdansk | Tours &amp; Adventures","article_publisher":"https:\/\/www.facebook.com\/aroundgdansk","article_modified_time":"2025-06-29T18:43:33+00:00","og_image":[{"width":1600,"height":697,"url":"https:\/\/aroundgdansk.pl\/wp-content\/uploads\/2019\/10\/around-gdansk-tours-adventures-30_.jpg","type":"image\/jpeg"}],"twitter_card":"summary_large_image","twitter_misc":{"Szacowany czas czytania":"2 minuty"},"schema":{"@context":"https:\/\/schema.org","@graph":[{"@type":"WebPage","@id":"https:\/\/aroundgdansk.pl\/pl\/gdansk-z-kajaka\/wazne-informacje\/","url":"https:\/\/aroundgdansk.pl\/pl\/gdansk-z-kajaka\/wazne-informacje\/","name":"Wa\u017cne informacje - Around Gdansk | Tours &amp; Adventures","isPartOf":{"@id":"https:\/\/aroundgdansk.pl\/pl\/#website"},"primaryImageOfPage":{"@id":"https:\/\/aroundgdansk.pl\/pl\/gdansk-z-kajaka\/wazne-informacje\/#primaryimage"},"image":{"@id":"https:\/\/aroundgdansk.pl\/pl\/gdansk-z-kajaka\/wazne-informacje\/#primaryimage"},"thumbnailUrl":"https:\/\/aroundgdansk.pl\/wp-content\/uploads\/2019\/10\/around-gdansk-tours-adventures-30_.jpg","datePublished":"2019-10-26T14:34:05+00:00","dateModified":"2025-06-29T18:43:33+00:00","breadcrumb":{"@id":"https:\/\/aroundgdansk.pl\/pl\/gdansk-z-kajaka\/wazne-informacje\/#breadcrumb"},"inLanguage":"pl-PL","potentialAction":[{"@type":"ReadAction","target":["https:\/\/aroundgdansk.pl\/pl\/gdansk-z-kajaka\/wazne-informacje\/"]}]},{"@type":"ImageObject","inLanguage":"pl-PL","@id":"https:\/\/aroundgdansk.pl\/pl\/gdansk-z-kajaka\/wazne-informacje\/#primaryimage","url":"https:\/\/aroundgdansk.pl\/wp-content\/uploads\/2019\/10\/around-gdansk-tours-adventures-30_.jpg","contentUrl":"https:\/\/aroundgdansk.pl\/wp-content\/uploads\/2019\/10\/around-gdansk-tours-adventures-30_.jpg","width":1600,"height":697},{"@type":"BreadcrumbList","@id":"https:\/\/aroundgdansk.pl\/pl\/gdansk-z-kajaka\/wazne-informacje\/#breadcrumb","itemListElement":[{"@type":"ListItem","position":1,"name":"Home","item":"https:\/\/aroundgdansk.pl\/pl\/"},{"@type":"ListItem","position":2,"name":"Gda\u0144sk z kajaka","item":"https:\/\/aroundgdansk.pl\/pl\/gdansk-by-kayak\/"},{"@type":"ListItem","position":3,"name":"Wa\u017cne informacje"}]},{"@type":"WebSite","@id":"https:\/\/aroundgdansk.pl\/pl\/#website","url":"https:\/\/aroundgdansk.pl\/pl\/","name":"Around Gdansk | Tours & Adventures","description":"Your unique way to discover Gdansk","publisher":{"@id":"https:\/\/aroundgdansk.pl\/pl\/#organization"},"potentialAction":[{"@type":"SearchAction","target":{"@type":"EntryPoint","urlTemplate":"https:\/\/aroundgdansk.pl\/pl\/?s={search_term_string}"},"query-input":{"@type":"PropertyValueSpecification","valueRequired":true,"valueName":"search_term_string"}}],"inLanguage":"pl-PL"},{"@type":"Organization","@id":"https:\/\/aroundgdansk.pl\/pl\/#organization","name":"AroundGdansk","url":"https:\/\/aroundgdansk.pl\/pl\/","logo":{"@type":"ImageObject","inLanguage":"pl-PL","@id":"https:\/\/aroundgdansk.pl\/pl\/#\/schema\/logo\/image\/","url":"https:\/\/aroundgdansk.pl\/wp-content\/uploads\/2025\/07\/AROUND-GDANSK-LOGO.png","contentUrl":"https:\/\/aroundgdansk.pl\/wp-content\/uploads\/2025\/07\/AROUND-GDANSK-LOGO.png","width":500,"height":500,"caption":"AroundGdansk"},"image":{"@id":"https:\/\/aroundgdansk.pl\/pl\/#\/schema\/logo\/image\/"},"sameAs":["https:\/\/www.facebook.com\/aroundgdansk","https:\/\/www.instagram.com\/aroundgdansk\/"]}]}},"_links":{"self":[{"href":"https:\/\/aroundgdansk.pl\/pl\/wp-json\/wp\/v2\/pages\/5984","targetHints":{"allow":["GET"]}}],"collection":[{"href":"https:\/\/aroundgdansk.pl\/pl\/wp-json\/wp\/v2\/pages"}],"about":[{"href":"https:\/\/aroundgdansk.pl\/pl\/wp-json\/wp\/v2\/types\/page"}],"author":[{"embeddable":true,"href":"https:\/\/aroundgdansk.pl\/pl\/wp-json\/wp\/v2\/users\/1"}],"replies":[{"embeddable":true,"href":"https:\/\/aroundgdansk.pl\/pl\/wp-json\/wp\/v2\/comments?post=5984"}],"version-history":[{"count":11,"href":"https:\/\/aroundgdansk.pl\/pl\/wp-json\/wp\/v2\/pages\/5984\/revisions"}],"predecessor-version":[{"id":10100,"href":"https:\/\/aroundgdansk.pl\/pl\/wp-json\/wp\/v2\/pages\/5984\/revisions\/10100"}],"up":[{"embeddable":true,"href":"https:\/\/aroundgdansk.pl\/pl\/wp-json\/wp\/v2\/pages\/5968"}],"wp:featuredmedia":[{"embeddable":true,"href":"https:\/\/aroundgdansk.pl\/pl\/wp-json\/wp\/v2\/media\/5991"}],"wp:attachment":[{"href":"https:\/\/aroundgdansk.pl\/pl\/wp-json\/wp\/v2\/media?parent=5984"}],"curies":[{"name":"wp","href":"https:\/\/api.w.org\/{rel}","templated":true}]}}