{"id":5996,"date":"2016-12-27T07:46:07","date_gmt":"2016-12-27T07:46:07","guid":{"rendered":"https:\/\/aroundgdansk.pl\/?page_id=5996"},"modified":"2025-07-22T02:54:59","modified_gmt":"2025-07-22T00:54:59","slug":"kontakt","status":"publish","type":"page","link":"https:\/\/aroundgdansk.pl\/pl\/kontakt\/","title":{"rendered":"Kontakt"},"content":{"rendered":"<div  class=\"one withsmallpadding ppb_text\" style=\"text-align:center;padding:40px 0 40px 0;\" >\n<div class=\"standard_wrapper\">\n<div class=\"page_content_wrapper\">\n<div class=\"inner\">\n<div style=\"margin:auto;width:90%\">\n<h4>Zapraszamy do kontaktu <span style=\"color: #ff6600;\"><a href=\"tel:+48690547440\">+48 690 547 440<\/a><\/span><\/h4>\n<h4>Z przyjemno\u015bci\u0105 odpowiemy na Twoje pytania lub po prostu porozmawiamy, je\u015bli chcesz nas lepiej pozna\u0107! Je\u017celi akurat nie mo\u017cemy rozmawia\u0107, bo prowadzimy wycieczk\u0119, poprosimy o wiadomo\u015b\u0107 na <span style=\"color: #ff6600;\"><a href=\"mailto:hello@aroundgdansk.pl\">hello@aroundgdansk.pl<\/a><\/span><\/h4>\n<\/div>\n<\/div>\n<\/div>\n<\/div>\n<\/div>\n<div  class=\"one withsmallpadding ppb_text\" style=\"text-align:center;padding:40px 0 40px 0;\" >\n<div class=\"standard_wrapper\">\n<div class=\"page_content_wrapper\">\n<div class=\"inner\">\n<div style=\"margin:auto;width:90%\">\n<h2>Nasza lokalizacja<\/h2>\n<p>\u00a0<br \/>\n<iframe src=\"https:\/\/www.google.com\/maps\/embed?pb=!1m18!1m12!1m3!1d7274.761729002942!2d18.65562839654735!3d54.361648527065526!2m3!1f0!2f0!3f0!3m2!1i1024!2i768!4f13.1!3m3!1m2!1s0x46fd73a410924231%3A0x9d5eed1b03116c64!2sAround%20Gdansk%20%7C%20Kayak%20Tours%20%26%20Adventures!5e0!3m2!1spl!2sse!4v1619687685956!5m2!1spl!2sse\" width=\"1000\" height=\"550\" style=\"border:0;\" allowfullscreen=\"\" loading=\"lazy\"><\/iframe><\/p>\n<\/div>\n<\/div>\n<\/div>\n<\/div>\n<\/div>\n<div  class=\"one withsmallpadding ppb_text\" style=\"padding:40px;\" >\n<p><script defer async src='https:\/\/cdn.trustindex.io\/loader-cert.js?a5cf6d2492bc0284e976d9facac'><\/script><\/p>\n<\/div>\n","protected":false},"excerpt":{"rendered":"<p>Zapraszamy do kontaktu +48 690 547 440 Z przyjemno\u015bci\u0105 odpowiemy na Twoje pytania lub po prostu porozmawiamy, je\u015bli chcesz nas lepiej pozna\u0107! Je\u017celi akurat nie mo\u017cemy rozmawia\u0107, bo prowadzimy wycieczk\u0119, poprosimy o wiadomo\u015b\u0107 na hello@aroundgdansk.pl Nasza lokalizacja \u00a0<\/p>\n","protected":false},"author":1,"featured_media":8445,"parent":0,"menu_order":0,"comment_status":"closed","ping_status":"closed","template":"","meta":{"footnotes":""},"class_list":["post-5996","page","type-page","status-publish","has-post-thumbnail","hentry"],"yoast_head":"<!-- This site is optimized with the Yoast SEO plugin v27.4 - https:\/\/yoast.com\/product\/yoast-seo-wordpress\/ -->\n<title>Kontakt - Around Gdansk | Tours &amp; Adventures<\/title>\n<meta name=\"description\" content=\"Skontaktuj si\u0119 z Around Gda\u0144sk \u2013 jeste\u015bmy gotowi odpowiedzie\u0107 na Twoje pytania i pom\u00f3c w rezerwacji wycieczek kajakowych.\" \/>\n<meta name=\"robots\" content=\"index, follow, max-snippet:-1, max-image-preview:large, max-video-preview:-1\" \/>\n<link rel=\"canonical\" href=\"https:\/\/aroundgdansk.pl\/pl\/kontakt\/\" \/>\n<meta property=\"og:locale\" content=\"pl_PL\" \/>\n<meta property=\"og:type\" content=\"article\" \/>\n<meta property=\"og:title\" content=\"Kontakt - Around Gdansk | Tours &amp; Adventures\" \/>\n<meta property=\"og:description\" content=\"Skontaktuj si\u0119 z Around Gda\u0144sk \u2013 jeste\u015bmy gotowi odpowiedzie\u0107 na Twoje pytania i pom\u00f3c w rezerwacji wycieczek kajakowych.\" \/>\n<meta property=\"og:url\" content=\"https:\/\/aroundgdansk.pl\/pl\/kontakt\/\" \/>\n<meta property=\"og:site_name\" content=\"Around Gdansk | Tours &amp; Adventures\" \/>\n<meta property=\"article:publisher\" content=\"https:\/\/www.facebook.com\/aroundgdansk\" \/>\n<meta property=\"article:modified_time\" content=\"2025-07-22T00:54:59+00:00\" \/>\n<meta property=\"og:image\" content=\"https:\/\/aroundgdansk.pl\/wp-content\/uploads\/2017\/11\/around-gdansk-evening-kayak-tour-37.jpg\" \/>\n\t<meta property=\"og:image:width\" content=\"1348\" \/>\n\t<meta property=\"og:image:height\" content=\"900\" \/>\n\t<meta property=\"og:image:type\" content=\"image\/jpeg\" \/>\n<meta name=\"twitter:card\" content=\"summary_large_image\" \/>\n<meta name=\"twitter:label1\" content=\"Szacowany czas czytania\" \/>\n\t<meta name=\"twitter:data1\" content=\"1 minuta\" \/>\n<script type=\"application\/ld+json\" class=\"yoast-schema-graph\">{\"@context\":\"https:\\\/\\\/schema.org\",\"@graph\":[{\"@type\":\"WebPage\",\"@id\":\"https:\\\/\\\/aroundgdansk.pl\\\/pl\\\/kontakt\\\/\",\"url\":\"https:\\\/\\\/aroundgdansk.pl\\\/pl\\\/kontakt\\\/\",\"name\":\"Kontakt - Around Gdansk | Tours &amp; Adventures\",\"isPartOf\":{\"@id\":\"https:\\\/\\\/aroundgdansk.pl\\\/pl\\\/#website\"},\"primaryImageOfPage\":{\"@id\":\"https:\\\/\\\/aroundgdansk.pl\\\/pl\\\/kontakt\\\/#primaryimage\"},\"image\":{\"@id\":\"https:\\\/\\\/aroundgdansk.pl\\\/pl\\\/kontakt\\\/#primaryimage\"},\"thumbnailUrl\":\"https:\\\/\\\/aroundgdansk.pl\\\/wp-content\\\/uploads\\\/2017\\\/11\\\/around-gdansk-evening-kayak-tour-37.jpg\",\"datePublished\":\"2016-12-27T07:46:07+00:00\",\"dateModified\":\"2025-07-22T00:54:59+00:00\",\"description\":\"Skontaktuj si\u0119 z Around Gda\u0144sk \u2013 jeste\u015bmy gotowi odpowiedzie\u0107 na Twoje pytania i pom\u00f3c w rezerwacji wycieczek kajakowych.\",\"breadcrumb\":{\"@id\":\"https:\\\/\\\/aroundgdansk.pl\\\/pl\\\/kontakt\\\/#breadcrumb\"},\"inLanguage\":\"pl-PL\",\"potentialAction\":[{\"@type\":\"ReadAction\",\"target\":[\"https:\\\/\\\/aroundgdansk.pl\\\/pl\\\/kontakt\\\/\"]}]},{\"@type\":\"ImageObject\",\"inLanguage\":\"pl-PL\",\"@id\":\"https:\\\/\\\/aroundgdansk.pl\\\/pl\\\/kontakt\\\/#primaryimage\",\"url\":\"https:\\\/\\\/aroundgdansk.pl\\\/wp-content\\\/uploads\\\/2017\\\/11\\\/around-gdansk-evening-kayak-tour-37.jpg\",\"contentUrl\":\"https:\\\/\\\/aroundgdansk.pl\\\/wp-content\\\/uploads\\\/2017\\\/11\\\/around-gdansk-evening-kayak-tour-37.jpg\",\"width\":1348,\"height\":900},{\"@type\":\"BreadcrumbList\",\"@id\":\"https:\\\/\\\/aroundgdansk.pl\\\/pl\\\/kontakt\\\/#breadcrumb\",\"itemListElement\":[{\"@type\":\"ListItem\",\"position\":1,\"name\":\"Home\",\"item\":\"https:\\\/\\\/aroundgdansk.pl\\\/pl\\\/\"},{\"@type\":\"ListItem\",\"position\":2,\"name\":\"Kontakt\"}]},{\"@type\":\"WebSite\",\"@id\":\"https:\\\/\\\/aroundgdansk.pl\\\/pl\\\/#website\",\"url\":\"https:\\\/\\\/aroundgdansk.pl\\\/pl\\\/\",\"name\":\"Around Gdansk | Tours & Adventures\",\"description\":\"Your unique way to discover Gdansk\",\"publisher\":{\"@id\":\"https:\\\/\\\/aroundgdansk.pl\\\/pl\\\/#organization\"},\"potentialAction\":[{\"@type\":\"SearchAction\",\"target\":{\"@type\":\"EntryPoint\",\"urlTemplate\":\"https:\\\/\\\/aroundgdansk.pl\\\/pl\\\/?s={search_term_string}\"},\"query-input\":{\"@type\":\"PropertyValueSpecification\",\"valueRequired\":true,\"valueName\":\"search_term_string\"}}],\"inLanguage\":\"pl-PL\"},{\"@type\":\"Organization\",\"@id\":\"https:\\\/\\\/aroundgdansk.pl\\\/pl\\\/#organization\",\"name\":\"AroundGdansk\",\"url\":\"https:\\\/\\\/aroundgdansk.pl\\\/pl\\\/\",\"logo\":{\"@type\":\"ImageObject\",\"inLanguage\":\"pl-PL\",\"@id\":\"https:\\\/\\\/aroundgdansk.pl\\\/pl\\\/#\\\/schema\\\/logo\\\/image\\\/\",\"url\":\"https:\\\/\\\/aroundgdansk.pl\\\/wp-content\\\/uploads\\\/2025\\\/07\\\/AROUND-GDANSK-LOGO.png\",\"contentUrl\":\"https:\\\/\\\/aroundgdansk.pl\\\/wp-content\\\/uploads\\\/2025\\\/07\\\/AROUND-GDANSK-LOGO.png\",\"width\":500,\"height\":500,\"caption\":\"AroundGdansk\"},\"image\":{\"@id\":\"https:\\\/\\\/aroundgdansk.pl\\\/pl\\\/#\\\/schema\\\/logo\\\/image\\\/\"},\"sameAs\":[\"https:\\\/\\\/www.facebook.com\\\/aroundgdansk\",\"https:\\\/\\\/www.instagram.com\\\/aroundgdansk\\\/\"]}]}<\/script>\n<!-- \/ Yoast SEO plugin. -->","yoast_head_json":{"title":"Kontakt - Around Gdansk | Tours &amp; Adventures","description":"Skontaktuj si\u0119 z Around Gda\u0144sk \u2013 jeste\u015bmy gotowi odpowiedzie\u0107 na Twoje pytania i pom\u00f3c w rezerwacji wycieczek kajakowych.","robots":{"index":"index","follow":"follow","max-snippet":"max-snippet:-1","max-image-preview":"max-image-preview:large","max-video-preview":"max-video-preview:-1"},"canonical":"https:\/\/aroundgdansk.pl\/pl\/kontakt\/","og_locale":"pl_PL","og_type":"article","og_title":"Kontakt - Around Gdansk | Tours &amp; Adventures","og_description":"Skontaktuj si\u0119 z Around Gda\u0144sk \u2013 jeste\u015bmy gotowi odpowiedzie\u0107 na Twoje pytania i pom\u00f3c w rezerwacji wycieczek kajakowych.","og_url":"https:\/\/aroundgdansk.pl\/pl\/kontakt\/","og_site_name":"Around Gdansk | Tours &amp; Adventures","article_publisher":"https:\/\/www.facebook.com\/aroundgdansk","article_modified_time":"2025-07-22T00:54:59+00:00","og_image":[{"width":1348,"height":900,"url":"https:\/\/aroundgdansk.pl\/wp-content\/uploads\/2017\/11\/around-gdansk-evening-kayak-tour-37.jpg","type":"image\/jpeg"}],"twitter_card":"summary_large_image","twitter_misc":{"Szacowany czas czytania":"1 minuta"},"schema":{"@context":"https:\/\/schema.org","@graph":[{"@type":"WebPage","@id":"https:\/\/aroundgdansk.pl\/pl\/kontakt\/","url":"https:\/\/aroundgdansk.pl\/pl\/kontakt\/","name":"Kontakt - Around Gdansk | Tours &amp; Adventures","isPartOf":{"@id":"https:\/\/aroundgdansk.pl\/pl\/#website"},"primaryImageOfPage":{"@id":"https:\/\/aroundgdansk.pl\/pl\/kontakt\/#primaryimage"},"image":{"@id":"https:\/\/aroundgdansk.pl\/pl\/kontakt\/#primaryimage"},"thumbnailUrl":"https:\/\/aroundgdansk.pl\/wp-content\/uploads\/2017\/11\/around-gdansk-evening-kayak-tour-37.jpg","datePublished":"2016-12-27T07:46:07+00:00","dateModified":"2025-07-22T00:54:59+00:00","description":"Skontaktuj si\u0119 z Around Gda\u0144sk \u2013 jeste\u015bmy gotowi odpowiedzie\u0107 na Twoje pytania i pom\u00f3c w rezerwacji wycieczek kajakowych.","breadcrumb":{"@id":"https:\/\/aroundgdansk.pl\/pl\/kontakt\/#breadcrumb"},"inLanguage":"pl-PL","potentialAction":[{"@type":"ReadAction","target":["https:\/\/aroundgdansk.pl\/pl\/kontakt\/"]}]},{"@type":"ImageObject","inLanguage":"pl-PL","@id":"https:\/\/aroundgdansk.pl\/pl\/kontakt\/#primaryimage","url":"https:\/\/aroundgdansk.pl\/wp-content\/uploads\/2017\/11\/around-gdansk-evening-kayak-tour-37.jpg","contentUrl":"https:\/\/aroundgdansk.pl\/wp-content\/uploads\/2017\/11\/around-gdansk-evening-kayak-tour-37.jpg","width":1348,"height":900},{"@type":"BreadcrumbList","@id":"https:\/\/aroundgdansk.pl\/pl\/kontakt\/#breadcrumb","itemListElement":[{"@type":"ListItem","position":1,"name":"Home","item":"https:\/\/aroundgdansk.pl\/pl\/"},{"@type":"ListItem","position":2,"name":"Kontakt"}]},{"@type":"WebSite","@id":"https:\/\/aroundgdansk.pl\/pl\/#website","url":"https:\/\/aroundgdansk.pl\/pl\/","name":"Around Gdansk | Tours & Adventures","description":"Your unique way to discover Gdansk","publisher":{"@id":"https:\/\/aroundgdansk.pl\/pl\/#organization"},"potentialAction":[{"@type":"SearchAction","target":{"@type":"EntryPoint","urlTemplate":"https:\/\/aroundgdansk.pl\/pl\/?s={search_term_string}"},"query-input":{"@type":"PropertyValueSpecification","valueRequired":true,"valueName":"search_term_string"}}],"inLanguage":"pl-PL"},{"@type":"Organization","@id":"https:\/\/aroundgdansk.pl\/pl\/#organization","name":"AroundGdansk","url":"https:\/\/aroundgdansk.pl\/pl\/","logo":{"@type":"ImageObject","inLanguage":"pl-PL","@id":"https:\/\/aroundgdansk.pl\/pl\/#\/schema\/logo\/image\/","url":"https:\/\/aroundgdansk.pl\/wp-content\/uploads\/2025\/07\/AROUND-GDANSK-LOGO.png","contentUrl":"https:\/\/aroundgdansk.pl\/wp-content\/uploads\/2025\/07\/AROUND-GDANSK-LOGO.png","width":500,"height":500,"caption":"AroundGdansk"},"image":{"@id":"https:\/\/aroundgdansk.pl\/pl\/#\/schema\/logo\/image\/"},"sameAs":["https:\/\/www.facebook.com\/aroundgdansk","https:\/\/www.instagram.com\/aroundgdansk\/"]}]}},"_links":{"self":[{"href":"https:\/\/aroundgdansk.pl\/pl\/wp-json\/wp\/v2\/pages\/5996","targetHints":{"allow":["GET"]}}],"collection":[{"href":"https:\/\/aroundgdansk.pl\/pl\/wp-json\/wp\/v2\/pages"}],"about":[{"href":"https:\/\/aroundgdansk.pl\/pl\/wp-json\/wp\/v2\/types\/page"}],"author":[{"embeddable":true,"href":"https:\/\/aroundgdansk.pl\/pl\/wp-json\/wp\/v2\/users\/1"}],"replies":[{"embeddable":true,"href":"https:\/\/aroundgdansk.pl\/pl\/wp-json\/wp\/v2\/comments?post=5996"}],"version-history":[{"count":38,"href":"https:\/\/aroundgdansk.pl\/pl\/wp-json\/wp\/v2\/pages\/5996\/revisions"}],"predecessor-version":[{"id":10101,"href":"https:\/\/aroundgdansk.pl\/pl\/wp-json\/wp\/v2\/pages\/5996\/revisions\/10101"}],"wp:featuredmedia":[{"embeddable":true,"href":"https:\/\/aroundgdansk.pl\/pl\/wp-json\/wp\/v2\/media\/8445"}],"wp:attachment":[{"href":"https:\/\/aroundgdansk.pl\/pl\/wp-json\/wp\/v2\/media?parent=5996"}],"curies":[{"name":"wp","href":"https:\/\/api.w.org\/{rel}","templated":true}]}}