{"id":6016,"date":"2019-10-26T17:04:36","date_gmt":"2019-10-26T16:04:36","guid":{"rendered":"https:\/\/aroundgdansk.pl\/?page_id=6016"},"modified":"2026-02-18T15:11:59","modified_gmt":"2026-02-18T14:11:59","slug":"nasza-historia","status":"publish","type":"page","link":"https:\/\/aroundgdansk.pl\/pl\/nasza-historia\/","title":{"rendered":"Nasza historia"},"content":{"rendered":"<div  class=\"one withsmallpadding ppb_content_half_bg withbg \" style=\"background-image:url(http:\/\/aroundgdansk.pl\/wp-content\/uploads\/2018\/02\/around-gdansk-tours-adventures-our-story-2.jpg);background-position: center center;padding:90px 0 90px 0;\" >\n<div class=\"standard_wrapper\">\n<div class=\"page_content_wrapper\">\n<div class=\"inner\">\n<div class=\"one_half_bg floatright\" style=\"background:#ffffff;background:rgb(255,255,255,1);background:rgba(255,255,255,1);\" >\n<h2 class=\"ppb_title\" style=\"\">Hej!<\/h2>\n<div class=\"ppb_header_content\">\n<p style=\"color: #222222;\">Podobnie jak Ty lubimy przygody. Czasem w miejskiej d\u017cungli, czasem blisko natury. Jeste\u015bmy szczeg\u00f3lnymi pasjonatami kajakarstwa, a nasz projekt wycieczek kajakowych w Gda\u0144sku zaj\u0105\u0142 II miejsce w konkursie Tourism Trends Awards w kat. Debiut Roku 2016.<\/p>\n<p>Chcieliby\u015bmy podzieli\u0107 si\u0119 z Wami nasz\u0105 pasj\u0105 do odkrywania pi\u0119kna Gda\u0144ska i okolic nie tylko z kajaka. Organizujemy wycieczki i przygody dla grup i os\u00f3b indywidualnych.<\/p>\n<p>Wybieramy interesuj\u0105ce lokalizacje i miejsca, kt\u00f3re czasem znaj\u0105 tylko nieliczni mieszka\u0144cy. Mamy nadziej\u0119, \u017ce prze\u017cyjesz z nami niezapomnian\u0105 przygod\u0119!<\/p>\n<p><em style=\"font-weight: inherit; font-style: italic;\">Milena &#038; J\u0119drzej<br \/>\nZa\u0142o\u017cyciele<em> projektu Around Gdansk <\/em>i Gda\u0144sk z Kajaka<\/em><\/p>\n<\/div>\n<\/div>\n<\/div>\n<\/div>\n<\/div>\n<\/div>\n<div class=\"divider one\">&nbsp;<\/div>\n<div  class=\"one withsmallpadding ppb_header \" style=\"text-align:center;padding:40px 0 40px 0;\" >\n<div class=\"standard_wrapper\">\n<div class=\"page_content_wrapper\">\n<div class=\"inner\">\n<div style=\"margin:auto;width:100%\">\n<h2 class=\"ppb_title\" style=\"\">Poznaj nasz zesp\u00f3\u0142<\/h2>\n<\/div>\n<\/div>\n<\/div>\n<\/div>\n<\/div>\n<div  class=\"one withsmallpadding ppb_team_column\" >\n<div class=\"page_content_wrapper page_main_content sidebar_content full_width fixed_column photoframe\">\n<div class=\"standard_wrapper\">\n<div id=\"1751222706745609068\" class=\"portfolio_filter_wrapper gallery four_cols\" data-columns=\"4\">\n<div class=\"element grid photoframe fixed_columns classic4_cols animated1\">\n<div class=\"one_fourth gallery4 classic filterable\">\n<div class=\"post_img\"><img decoding=\"async\" class=\"team_pic\" src=\"https:\/\/aroundgdansk.pl\/wp-content\/uploads\/2017\/11\/around-gdansk-tours-adventures-32-500x500.jpg\" alt=\"Young man cycling through wooded path in wilderness park\"\/><\/div>\n<div class=\"portfolio_info_wrapper center\">\n<h4>J\u0119drzej<\/h4>\n<\/div>\n<\/div>\n<\/div>\n<div class=\"element grid photoframe fixed_columns classic4_cols animated2\">\n<div class=\"one_fourth gallery4 classic filterable\">\n<div class=\"post_img\"><img decoding=\"async\" class=\"team_pic\" src=\"https:\/\/aroundgdansk.pl\/wp-content\/uploads\/2018\/01\/swiat-z-kajaka-milena-500x500.jpg\" alt=\"Woman kayaking on serene water with historic tower background\"\/><\/div>\n<div class=\"portfolio_info_wrapper center\">\n<h4>Milena<\/h4>\n<\/div>\n<\/div>\n<\/div>\n<div class=\"element grid photoframe fixed_columns classic4_cols animated3\">\n<div class=\"one_fourth gallery4 classic filterable\">\n<div class=\"post_img\"><img decoding=\"async\" class=\"team_pic\" src=\"https:\/\/aroundgdansk.pl\/wp-content\/uploads\/2018\/01\/swiat-z-kajaka-zimowe-ujscie-wisly-foki-5-500x500.jpg\" alt=\"Man kayaking on icy lake in winter gear\"\/><\/div>\n<div class=\"portfolio_info_wrapper center\">\n<h4>Szymon<\/h4>\n<\/div>\n<\/div>\n<\/div>\n<div class=\"element grid photoframe fixed_columns classic4_cols animated4\">\n<div class=\"one_fourth gallery4 classic filterable\">\n<div class=\"post_img\"><img decoding=\"async\" class=\"team_pic\" src=\"https:\/\/aroundgdansk.pl\/wp-content\/uploads\/2018\/02\/around-gdansk-piotr-500x500.jpg\" alt=\"Man kayaking in a red kayak on an industrial waterway\"\/><\/div>\n<div class=\"portfolio_info_wrapper center\">\n<h4>Piotr<\/h4>\n<\/div>\n<\/div>\n<\/div>\n<\/div>\n<\/div>\n<\/div>\n<\/div>\n<div  class=\"one ppb_card_two_cols_with_image\" style=\"position:relative;padding:40px 0 40px 0;\" >\n<div class=\"standard_wrapper\">\n<div class=\"page_content_wrapper\">\n<div class=\"inner\">\n<div class=\"one_half parallax_scroll_image\" style=\"width:65%;\">\n<div class=\"image_classic_frame expand\">\n<div class=\"image_wrapper\"><img decoding=\"async\" src=\"https:\/\/aroundgdansk.pl\/wp-content\/uploads\/2016\/12\/Gda\u0144sk-z-kajaka-o-zachodzie-s\u0142o\u0144ca-2.jpg\" alt=\"Kayakers near large ship at sunset in shipyard\" class=\"portfolio_img\"\/><\/div>\n<\/div>\n<\/div>\n<div class=\"one_half last parallax_scroll\" style=\"width:40%;position:absolute;padding:40px;background:#fff;\" data-stellar-ratio=\"1.3\">\n<h2 class=\"ppb_title\" style=\"\">Nr 1 na TripAdvisor<\/h2>\n<div class=\"ppb_header_content\">\n<p><img loading=\"lazy\" loading=\"lazy\" decoding=\"async\" class=\"alignnone wp-image-4839\" src=\"https:\/\/aroundgdansk.pl\/wp-content\/uploads\/2018\/02\/top-rated-tripadvisor.png\" alt=\"Top-rated badge on TripAdvisor with owl logo\" width=\"165\" height=\"165\" \/><br \/>\n<span style=\"color: #000000;\">Zostali\u015bmy wyr\u00f3\u017cnieni w serwisie TripAdvisor jako najlepsza wodna atrakcja w Gda\u0144sku i na Pomorzu.<\/span><\/p>\n<\/div>\n<\/div>\n<p><br class=\"clear\"\/><\/div>\n<\/div>\n<\/div>\n<\/div>\n<div  class=\"one ppb_card_two_cols_with_image\" style=\"position:relative;padding:40px 0 40px 0;\" >\n<div class=\"standard_wrapper\">\n<div class=\"page_content_wrapper\">\n<div class=\"inner\">\n<div class=\"one_half parallax_scroll_image\" style=\"width:65%;\">\n<div class=\"image_classic_frame expand\">\n<div class=\"image_wrapper\"><img decoding=\"async\" src=\"https:\/\/aroundgdansk.pl\/wp-content\/uploads\/2018\/02\/around-gdansk-tours-adventures-work-with-us-1.jpg\" alt=\"Outdoor enthusiasts reading a map while enjoying a nature adventure\" class=\"portfolio_img\"\/><\/div>\n<\/div>\n<\/div>\n<div class=\"one_half last parallax_scroll\" style=\"width:40%;position:absolute;padding:40px;background:#fff;\" data-stellar-ratio=\"1.3\">\n<h2 class=\"ppb_title\" style=\"\">Tourism Trends Award<\/h2>\n<div class=\"ppb_header_content\">\n<p><img loading=\"lazy\" loading=\"lazy\" decoding=\"async\" class=\"alignnone wp-image-4767\" src=\"https:\/\/aroundgdansk.pl\/wp-content\/uploads\/2018\/02\/tourism-trends-awards.png\" alt=\"Logo for Tourism Trends Awards 2017\" width=\"309\" height=\"107\" \/><br \/>\n<span style=\"color: #003049;\">Nasz projekt Gda\u0144sk z Kajaka zaj\u0105\u0142 drugie miejsce w finale konkursu Tourism Trends Award 2017.<\/span><\/p>\n<\/div>\n<\/div>\n<p><br class=\"clear\"\/><\/div>\n<\/div>\n<\/div>\n<\/div>\n<div  class=\"one ppb_card_two_cols_with_image\" style=\"position:relative;padding:40px 0 40px 0;\" >\n<div class=\"standard_wrapper\">\n<div class=\"page_content_wrapper\">\n<div class=\"inner\">\n<div class=\"one_half parallax_scroll_image\" style=\"width:65%;\">\n<div class=\"image_classic_frame expand\">\n<div class=\"image_wrapper\"><img decoding=\"async\" src=\"https:\/\/aroundgdansk.pl\/wp-content\/uploads\/2019\/10\/DSC0018.jpg\" alt=\"People at travel expo booth with kayak equipment\" class=\"portfolio_img\"\/><\/div>\n<\/div>\n<\/div>\n<div class=\"one_half last parallax_scroll\" style=\"width:40%;position:absolute;padding:40px;background:#fff;\" data-stellar-ratio=\"1.3\">\n<h2 class=\"ppb_title\" style=\"\">Gda\u0144ska Organizacja Turystyczna<\/h2>\n<div class=\"ppb_header_content\">\n<p><img loading=\"lazy\" loading=\"lazy\" decoding=\"async\" class=\"alignnone wp-image-4595\" src=\"https:\/\/aroundgdansk.pl\/wp-content\/uploads\/2018\/02\/visit_gdansk_logo.png\" alt=\"Visit Gdansk logo, Poland&apos;s vibrant tourist and convention bureau\" width=\"271\" height=\"88\" \/><\/p>\n<p>Jako cz\u0142onek Gda\u0144skiej Organizacji Turystycznej z przyjemno\u015bci\u0105 promujemy Gda\u0144sk jako cel podr\u00f3\u017cy turystycznych i biznesowych na arenie zagranicznej.<\/p>\n<\/div>\n<\/div>\n<p><br class=\"clear\"\/><\/div>\n<\/div>\n<\/div>\n<\/div>\n<div  class=\"one ppb_card_two_cols_with_image\" style=\"position:relative;padding:40px 0 40px 0;\" >\n<div class=\"standard_wrapper\">\n<div class=\"page_content_wrapper\">\n<div class=\"inner\">\n<div class=\"one_half parallax_scroll_image\" style=\"width:65%;\">\n<div class=\"image_classic_frame expand\">\n<div class=\"image_wrapper\"><img decoding=\"async\" src=\"https:\/\/aroundgdansk.pl\/wp-content\/uploads\/2021\/05\/IMG_7720.jpg\" alt=\"Two kayakers paddle towards a rocky island on a serene sea\" class=\"portfolio_img\"\/><\/div>\n<\/div>\n<\/div>\n<div class=\"one_half last parallax_scroll\" style=\"width:40%;position:absolute;padding:40px;background:#fff;\" data-stellar-ratio=\"1.3\">\n<h2 class=\"ppb_title\" style=\"\">Centrum kajakarstwa morskiego w Szwecji<\/h2>\n<div class=\"ppb_header_content\">\n<p><span style=\"color: #000000;\">Zapraszamy do naszej przystani kajakowej w samym sercu Archipelagu Sztokholmskiego w Szwecji, czyli w\u015br\u00f3d jaki\u015b 30 tysi\u0119cy wysp i wysepek. Odkryjcie Ba\u0142tyk jakiego nie znacie! Nasza baza znajduje si\u0119 u wr\u00f3t archipelagu, a idylliczne miasteczko Vaxholm to jego nieoficjalna stolica. To wspania\u0142a destynacja na wypraw\u0119 kajakow\u0105, szkolenie z kajakarstwa morskiego oraz wakacje w kajaku.<\/span><\/p>\n<p><a href=\"https:\/\/kanotcenter.com\/\">Sk\u00e4rg\u00e5rdens Kanotcenter KAYAKS &#038; OUTDOOR \u2192<\/a><\/p>\n<\/div>\n<\/div>\n<p><br class=\"clear\"\/><\/div>\n<\/div>\n<\/div>\n<\/div>\n<div  class=\"one withsmallpadding ppb_text\" style=\"padding:40px;\" >\n<p><script defer async src='https:\/\/cdn.trustindex.io\/loader-cert.js?a5cf6d2492bc0284e976d9facac'><\/script><\/p>\n<\/div>\n","protected":false},"excerpt":{"rendered":"<p>Hej! Podobnie jak Ty lubimy przygody. Czasem w miejskiej d\u017cungli, czasem blisko natury. Jeste\u015bmy szczeg\u00f3lnymi pasjonatami kajakarstwa, a nasz projekt wycieczek kajakowych w Gda\u0144sku zaj\u0105\u0142 II miejsce w konkursie Tourism Trends Awards w kat. Debiut Roku 2016. Chcieliby\u015bmy podzieli\u0107 si\u0119 [&hellip;]<\/p>\n","protected":false},"author":1,"featured_media":0,"parent":0,"menu_order":0,"comment_status":"closed","ping_status":"closed","template":"","meta":{"footnotes":""},"class_list":["post-6016","page","type-page","status-publish","hentry"],"yoast_head":"<!-- This site is optimized with the Yoast SEO plugin v27.4 - https:\/\/yoast.com\/product\/yoast-seo-wordpress\/ -->\n<title>Nasza historia - Around Gdansk | Tours &amp; Adventures<\/title>\n<meta name=\"robots\" content=\"index, follow, max-snippet:-1, max-image-preview:large, max-video-preview:-1\" \/>\n<link rel=\"canonical\" href=\"https:\/\/aroundgdansk.pl\/pl\/nasza-historia\/\" \/>\n<meta property=\"og:locale\" content=\"pl_PL\" \/>\n<meta property=\"og:type\" content=\"article\" \/>\n<meta property=\"og:title\" content=\"Nasza historia - Around Gdansk | Tours &amp; Adventures\" \/>\n<meta property=\"og:description\" content=\"Hej! Podobnie jak Ty lubimy przygody. Czasem w miejskiej d\u017cungli, czasem blisko natury. Jeste\u015bmy szczeg\u00f3lnymi pasjonatami kajakarstwa, a nasz projekt wycieczek kajakowych w Gda\u0144sku zaj\u0105\u0142 II miejsce w konkursie Tourism Trends Awards w kat. Debiut Roku 2016. Chcieliby\u015bmy podzieli\u0107 si\u0119 [&hellip;]\" \/>\n<meta property=\"og:url\" content=\"https:\/\/aroundgdansk.pl\/pl\/nasza-historia\/\" \/>\n<meta property=\"og:site_name\" content=\"Around Gdansk | Tours &amp; Adventures\" \/>\n<meta property=\"article:publisher\" content=\"https:\/\/www.facebook.com\/aroundgdansk\" \/>\n<meta property=\"article:modified_time\" content=\"2026-02-18T14:11:59+00:00\" \/>\n<meta property=\"og:image\" content=\"https:\/\/aroundgdansk.pl\/wp-content\/uploads\/2017\/11\/around-gdansk-tours-adventures-32-500x500.jpg\" \/>\n<meta name=\"twitter:card\" content=\"summary_large_image\" \/>\n<meta name=\"twitter:label1\" content=\"Szacowany czas czytania\" \/>\n\t<meta name=\"twitter:data1\" content=\"2 minuty\" \/>\n<script type=\"application\/ld+json\" class=\"yoast-schema-graph\">{\"@context\":\"https:\\\/\\\/schema.org\",\"@graph\":[{\"@type\":\"WebPage\",\"@id\":\"https:\\\/\\\/aroundgdansk.pl\\\/pl\\\/nasza-historia\\\/\",\"url\":\"https:\\\/\\\/aroundgdansk.pl\\\/pl\\\/nasza-historia\\\/\",\"name\":\"Nasza historia - Around Gdansk | Tours &amp; Adventures\",\"isPartOf\":{\"@id\":\"https:\\\/\\\/aroundgdansk.pl\\\/pl\\\/#website\"},\"primaryImageOfPage\":{\"@id\":\"https:\\\/\\\/aroundgdansk.pl\\\/pl\\\/nasza-historia\\\/#primaryimage\"},\"image\":{\"@id\":\"https:\\\/\\\/aroundgdansk.pl\\\/pl\\\/nasza-historia\\\/#primaryimage\"},\"thumbnailUrl\":\"https:\\\/\\\/aroundgdansk.pl\\\/wp-content\\\/uploads\\\/2017\\\/11\\\/around-gdansk-tours-adventures-32-500x500.jpg\",\"datePublished\":\"2019-10-26T16:04:36+00:00\",\"dateModified\":\"2026-02-18T14:11:59+00:00\",\"breadcrumb\":{\"@id\":\"https:\\\/\\\/aroundgdansk.pl\\\/pl\\\/nasza-historia\\\/#breadcrumb\"},\"inLanguage\":\"pl-PL\",\"potentialAction\":[{\"@type\":\"ReadAction\",\"target\":[\"https:\\\/\\\/aroundgdansk.pl\\\/pl\\\/nasza-historia\\\/\"]}]},{\"@type\":\"ImageObject\",\"inLanguage\":\"pl-PL\",\"@id\":\"https:\\\/\\\/aroundgdansk.pl\\\/pl\\\/nasza-historia\\\/#primaryimage\",\"url\":\"https:\\\/\\\/aroundgdansk.pl\\\/wp-content\\\/uploads\\\/2017\\\/11\\\/around-gdansk-tours-adventures-32-500x500.jpg\",\"contentUrl\":\"https:\\\/\\\/aroundgdansk.pl\\\/wp-content\\\/uploads\\\/2017\\\/11\\\/around-gdansk-tours-adventures-32-500x500.jpg\"},{\"@type\":\"BreadcrumbList\",\"@id\":\"https:\\\/\\\/aroundgdansk.pl\\\/pl\\\/nasza-historia\\\/#breadcrumb\",\"itemListElement\":[{\"@type\":\"ListItem\",\"position\":1,\"name\":\"Home\",\"item\":\"https:\\\/\\\/aroundgdansk.pl\\\/pl\\\/\"},{\"@type\":\"ListItem\",\"position\":2,\"name\":\"Nasza historia\"}]},{\"@type\":\"WebSite\",\"@id\":\"https:\\\/\\\/aroundgdansk.pl\\\/pl\\\/#website\",\"url\":\"https:\\\/\\\/aroundgdansk.pl\\\/pl\\\/\",\"name\":\"Around Gdansk | Tours & Adventures\",\"description\":\"Your unique way to discover Gdansk\",\"publisher\":{\"@id\":\"https:\\\/\\\/aroundgdansk.pl\\\/pl\\\/#organization\"},\"potentialAction\":[{\"@type\":\"SearchAction\",\"target\":{\"@type\":\"EntryPoint\",\"urlTemplate\":\"https:\\\/\\\/aroundgdansk.pl\\\/pl\\\/?s={search_term_string}\"},\"query-input\":{\"@type\":\"PropertyValueSpecification\",\"valueRequired\":true,\"valueName\":\"search_term_string\"}}],\"inLanguage\":\"pl-PL\"},{\"@type\":\"Organization\",\"@id\":\"https:\\\/\\\/aroundgdansk.pl\\\/pl\\\/#organization\",\"name\":\"AroundGdansk\",\"url\":\"https:\\\/\\\/aroundgdansk.pl\\\/pl\\\/\",\"logo\":{\"@type\":\"ImageObject\",\"inLanguage\":\"pl-PL\",\"@id\":\"https:\\\/\\\/aroundgdansk.pl\\\/pl\\\/#\\\/schema\\\/logo\\\/image\\\/\",\"url\":\"https:\\\/\\\/aroundgdansk.pl\\\/wp-content\\\/uploads\\\/2025\\\/07\\\/AROUND-GDANSK-LOGO.png\",\"contentUrl\":\"https:\\\/\\\/aroundgdansk.pl\\\/wp-content\\\/uploads\\\/2025\\\/07\\\/AROUND-GDANSK-LOGO.png\",\"width\":500,\"height\":500,\"caption\":\"AroundGdansk\"},\"image\":{\"@id\":\"https:\\\/\\\/aroundgdansk.pl\\\/pl\\\/#\\\/schema\\\/logo\\\/image\\\/\"},\"sameAs\":[\"https:\\\/\\\/www.facebook.com\\\/aroundgdansk\",\"https:\\\/\\\/www.instagram.com\\\/aroundgdansk\\\/\"]}]}<\/script>\n<!-- \/ Yoast SEO plugin. -->","yoast_head_json":{"title":"Nasza historia - Around Gdansk | Tours &amp; Adventures","robots":{"index":"index","follow":"follow","max-snippet":"max-snippet:-1","max-image-preview":"max-image-preview:large","max-video-preview":"max-video-preview:-1"},"canonical":"https:\/\/aroundgdansk.pl\/pl\/nasza-historia\/","og_locale":"pl_PL","og_type":"article","og_title":"Nasza historia - Around Gdansk | Tours &amp; Adventures","og_description":"Hej! Podobnie jak Ty lubimy przygody. Czasem w miejskiej d\u017cungli, czasem blisko natury. Jeste\u015bmy szczeg\u00f3lnymi pasjonatami kajakarstwa, a nasz projekt wycieczek kajakowych w Gda\u0144sku zaj\u0105\u0142 II miejsce w konkursie Tourism Trends Awards w kat. Debiut Roku 2016. Chcieliby\u015bmy podzieli\u0107 si\u0119 [&hellip;]","og_url":"https:\/\/aroundgdansk.pl\/pl\/nasza-historia\/","og_site_name":"Around Gdansk | Tours &amp; Adventures","article_publisher":"https:\/\/www.facebook.com\/aroundgdansk","article_modified_time":"2026-02-18T14:11:59+00:00","og_image":[{"url":"https:\/\/aroundgdansk.pl\/wp-content\/uploads\/2017\/11\/around-gdansk-tours-adventures-32-500x500.jpg","type":"","width":"","height":""}],"twitter_card":"summary_large_image","twitter_misc":{"Szacowany czas czytania":"2 minuty"},"schema":{"@context":"https:\/\/schema.org","@graph":[{"@type":"WebPage","@id":"https:\/\/aroundgdansk.pl\/pl\/nasza-historia\/","url":"https:\/\/aroundgdansk.pl\/pl\/nasza-historia\/","name":"Nasza historia - Around Gdansk | Tours &amp; Adventures","isPartOf":{"@id":"https:\/\/aroundgdansk.pl\/pl\/#website"},"primaryImageOfPage":{"@id":"https:\/\/aroundgdansk.pl\/pl\/nasza-historia\/#primaryimage"},"image":{"@id":"https:\/\/aroundgdansk.pl\/pl\/nasza-historia\/#primaryimage"},"thumbnailUrl":"https:\/\/aroundgdansk.pl\/wp-content\/uploads\/2017\/11\/around-gdansk-tours-adventures-32-500x500.jpg","datePublished":"2019-10-26T16:04:36+00:00","dateModified":"2026-02-18T14:11:59+00:00","breadcrumb":{"@id":"https:\/\/aroundgdansk.pl\/pl\/nasza-historia\/#breadcrumb"},"inLanguage":"pl-PL","potentialAction":[{"@type":"ReadAction","target":["https:\/\/aroundgdansk.pl\/pl\/nasza-historia\/"]}]},{"@type":"ImageObject","inLanguage":"pl-PL","@id":"https:\/\/aroundgdansk.pl\/pl\/nasza-historia\/#primaryimage","url":"https:\/\/aroundgdansk.pl\/wp-content\/uploads\/2017\/11\/around-gdansk-tours-adventures-32-500x500.jpg","contentUrl":"https:\/\/aroundgdansk.pl\/wp-content\/uploads\/2017\/11\/around-gdansk-tours-adventures-32-500x500.jpg"},{"@type":"BreadcrumbList","@id":"https:\/\/aroundgdansk.pl\/pl\/nasza-historia\/#breadcrumb","itemListElement":[{"@type":"ListItem","position":1,"name":"Home","item":"https:\/\/aroundgdansk.pl\/pl\/"},{"@type":"ListItem","position":2,"name":"Nasza historia"}]},{"@type":"WebSite","@id":"https:\/\/aroundgdansk.pl\/pl\/#website","url":"https:\/\/aroundgdansk.pl\/pl\/","name":"Around Gdansk | Tours & Adventures","description":"Your unique way to discover Gdansk","publisher":{"@id":"https:\/\/aroundgdansk.pl\/pl\/#organization"},"potentialAction":[{"@type":"SearchAction","target":{"@type":"EntryPoint","urlTemplate":"https:\/\/aroundgdansk.pl\/pl\/?s={search_term_string}"},"query-input":{"@type":"PropertyValueSpecification","valueRequired":true,"valueName":"search_term_string"}}],"inLanguage":"pl-PL"},{"@type":"Organization","@id":"https:\/\/aroundgdansk.pl\/pl\/#organization","name":"AroundGdansk","url":"https:\/\/aroundgdansk.pl\/pl\/","logo":{"@type":"ImageObject","inLanguage":"pl-PL","@id":"https:\/\/aroundgdansk.pl\/pl\/#\/schema\/logo\/image\/","url":"https:\/\/aroundgdansk.pl\/wp-content\/uploads\/2025\/07\/AROUND-GDANSK-LOGO.png","contentUrl":"https:\/\/aroundgdansk.pl\/wp-content\/uploads\/2025\/07\/AROUND-GDANSK-LOGO.png","width":500,"height":500,"caption":"AroundGdansk"},"image":{"@id":"https:\/\/aroundgdansk.pl\/pl\/#\/schema\/logo\/image\/"},"sameAs":["https:\/\/www.facebook.com\/aroundgdansk","https:\/\/www.instagram.com\/aroundgdansk\/"]}]}},"_links":{"self":[{"href":"https:\/\/aroundgdansk.pl\/pl\/wp-json\/wp\/v2\/pages\/6016","targetHints":{"allow":["GET"]}}],"collection":[{"href":"https:\/\/aroundgdansk.pl\/pl\/wp-json\/wp\/v2\/pages"}],"about":[{"href":"https:\/\/aroundgdansk.pl\/pl\/wp-json\/wp\/v2\/types\/page"}],"author":[{"embeddable":true,"href":"https:\/\/aroundgdansk.pl\/pl\/wp-json\/wp\/v2\/users\/1"}],"replies":[{"embeddable":true,"href":"https:\/\/aroundgdansk.pl\/pl\/wp-json\/wp\/v2\/comments?post=6016"}],"version-history":[{"count":31,"href":"https:\/\/aroundgdansk.pl\/pl\/wp-json\/wp\/v2\/pages\/6016\/revisions"}],"predecessor-version":[{"id":10523,"href":"https:\/\/aroundgdansk.pl\/pl\/wp-json\/wp\/v2\/pages\/6016\/revisions\/10523"}],"wp:attachment":[{"href":"https:\/\/aroundgdansk.pl\/pl\/wp-json\/wp\/v2\/media?parent=6016"}],"curies":[{"name":"wp","href":"https:\/\/api.w.org\/{rel}","templated":true}]}}