{"id":6183,"date":"2019-10-27T16:30:13","date_gmt":"2019-10-27T16:30:13","guid":{"rendered":"https:\/\/aroundgdansk.pl\/?page_id=6183"},"modified":"2025-07-22T02:50:11","modified_gmt":"2025-07-22T00:50:11","slug":"kayaking-job-in-gdansk","status":"publish","type":"page","link":"https:\/\/aroundgdansk.pl\/pl\/kayaking-job-in-gdansk\/","title":{"rendered":"Pracuj z nami"},"content":{"rendered":"<h4>Jeste\u015bmy m\u0142odym, energicznym i rozwijaj\u0105cym si\u0119 zespo\u0142em, kt\u00f3ry poszukuje os\u00f3b potrafi\u0105cych dzieli\u0107 si\u0119 z innymi swoj\u0105 pasj\u0105 i entuzjazmem. Je\u015bli lubisz poznawa\u0107 ludzi, masz do\u015bwiadczenie kajakowe, interesujesz si\u0119 histori\u0105 oraz lubisz by\u0107 w roli gospodarza &#8211; na pewno \u015bwietnie do nas pasujesz!<\/h4>\n<p>&nbsp;<\/p>\n<h3 data-start=\"221\" data-end=\"600\"><strong data-start=\"221\" data-end=\"268\">Work with Us \u2013 Join the Around Gda\u0144sk Team!<\/strong><\/h3>\n<p data-start=\"221\" data-end=\"600\">Are you passionate about kayaking and looking for an exciting career in tourism? If so, a <strong data-start=\"361\" data-end=\"390\">kayak guide job in Gda\u0144sk<\/strong> with Around Gda\u0144sk might be just what you need! We are seeking enthusiastic individuals who love nature, enjoy meeting new people, and want to share their passion for kayaking and the beautiful city of Gda\u0144sk.<\/p>\n<h3 data-start=\"602\" data-end=\"1044\"><strong data-start=\"602\" data-end=\"619\">What We Offer<\/strong><\/h3>\n<p data-start=\"602\" data-end=\"1044\">Working at Around Gda\u0144sk is more than just a job\u2014it\u2019s an opportunity to gain valuable experience in the tourism industry, work outdoors in stunning natural surroundings, and be part of a supportive and friendly team. Additionally, we provide professional training to help you develop your skills as a kayak guide and tour leader. Moreover, our flexible working hours make it easier to balance work with your personal life.<\/p>\n<h3 data-start=\"1046\" data-end=\"1480\"><strong data-start=\"1046\" data-end=\"1073\">Who Are We Looking For?<\/strong><\/h3>\n<p data-start=\"1046\" data-end=\"1480\">We are looking for communicative, motivated, and physically fit individuals who are open to new challenges. Since we work with international tourists, a good command of English is essential. Furthermore, basic kayaking skills are required to ensure safety and enjoyment during tours. While prior experience is a plus, what matters most is your eagerness to learn and your passion for working with people.<\/p>\n<h3 data-start=\"1482\" data-end=\"1815\"><strong data-start=\"1482\" data-end=\"1498\">How to Apply<\/strong><\/h3>\n<p data-start=\"1482\" data-end=\"1815\">If you are interested in this exciting opportunity for a <strong data-start=\"1558\" data-end=\"1587\">kayak guide job in Gda\u0144sk<\/strong>, please send your CV and a brief cover letter to <strong data-start=\"1637\" data-end=\"1662\"><a class=\"cursor-pointer\" rel=\"noopener\" data-start=\"1639\" data-end=\"1660\">hello@aroundgdansk.pl<\/a><\/strong>. Don\u2019t forget to write \u201cJob Application \u2013 Around Gda\u0144sk\u201d in the subject line. We will review your application and contact you to discuss the next steps.<\/p>\n<h4 data-start=\"1817\" data-end=\"1885\"><strong data-start=\"1817\" data-end=\"1885\">Join us today and start an unforgettable adventure on the water!<\/strong><\/h4>\n","protected":false},"excerpt":{"rendered":"<p>Jeste\u015bmy m\u0142odym, energicznym i rozwijaj\u0105cym si\u0119 zespo\u0142em, kt\u00f3ry poszukuje os\u00f3b potrafi\u0105cych dzieli\u0107 si\u0119 z innymi swoj\u0105 pasj\u0105 i entuzjazmem. Je\u015bli lubisz poznawa\u0107 ludzi, masz do\u015bwiadczenie kajakowe, interesujesz si\u0119 histori\u0105 oraz lubisz by\u0107 w roli gospodarza &#8211; na pewno \u015bwietnie do [&hellip;]<\/p>\n","protected":false},"author":1,"featured_media":6185,"parent":0,"menu_order":0,"comment_status":"closed","ping_status":"closed","template":"","meta":{"footnotes":""},"class_list":["post-6183","page","type-page","status-publish","has-post-thumbnail","hentry"],"yoast_head":"<!-- This site is optimized with the Yoast SEO plugin v27.4 - https:\/\/yoast.com\/product\/yoast-seo-wordpress\/ -->\n<title>Pracuj z nami - Around Gdansk | Tours &amp; Adventures<\/title>\n<meta name=\"description\" content=\"Looking for a kayak guide job in Gda\u0144sk? Join Around Gda\u0144sk\u2019s team and enjoy working outdoors with great people and flexible hours!\" \/>\n<meta name=\"robots\" content=\"index, follow, max-snippet:-1, max-image-preview:large, max-video-preview:-1\" \/>\n<link rel=\"canonical\" href=\"https:\/\/aroundgdansk.pl\/pl\/kayaking-job-in-gdansk\/\" \/>\n<meta property=\"og:locale\" content=\"pl_PL\" \/>\n<meta property=\"og:type\" content=\"article\" \/>\n<meta property=\"og:title\" content=\"Pracuj z nami - Around Gdansk | Tours &amp; Adventures\" \/>\n<meta property=\"og:description\" content=\"Looking for a kayak guide job in Gda\u0144sk? Join Around Gda\u0144sk\u2019s team and enjoy working outdoors with great people and flexible hours!\" \/>\n<meta property=\"og:url\" content=\"https:\/\/aroundgdansk.pl\/pl\/kayaking-job-in-gdansk\/\" \/>\n<meta property=\"og:site_name\" content=\"Around Gdansk | Tours &amp; Adventures\" \/>\n<meta property=\"article:publisher\" content=\"https:\/\/www.facebook.com\/aroundgdansk\" \/>\n<meta property=\"article:modified_time\" content=\"2025-07-22T00:50:11+00:00\" \/>\n<meta property=\"og:image\" content=\"https:\/\/aroundgdansk.pl\/wp-content\/uploads\/2018\/02\/around-gdansk-tours-adventures-work-with-us-1.jpg\" \/>\n\t<meta property=\"og:image:width\" content=\"1200\" \/>\n\t<meta property=\"og:image:height\" content=\"801\" \/>\n\t<meta property=\"og:image:type\" content=\"image\/jpeg\" \/>\n<meta name=\"twitter:card\" content=\"summary_large_image\" \/>\n<meta name=\"twitter:label1\" content=\"Szacowany czas czytania\" \/>\n\t<meta name=\"twitter:data1\" content=\"2 minuty\" \/>\n<script type=\"application\/ld+json\" class=\"yoast-schema-graph\">{\"@context\":\"https:\\\/\\\/schema.org\",\"@graph\":[{\"@type\":\"WebPage\",\"@id\":\"https:\\\/\\\/aroundgdansk.pl\\\/pl\\\/kayaking-job-in-gdansk\\\/\",\"url\":\"https:\\\/\\\/aroundgdansk.pl\\\/pl\\\/kayaking-job-in-gdansk\\\/\",\"name\":\"Pracuj z nami - Around Gdansk | Tours &amp; Adventures\",\"isPartOf\":{\"@id\":\"https:\\\/\\\/aroundgdansk.pl\\\/pl\\\/#website\"},\"primaryImageOfPage\":{\"@id\":\"https:\\\/\\\/aroundgdansk.pl\\\/pl\\\/kayaking-job-in-gdansk\\\/#primaryimage\"},\"image\":{\"@id\":\"https:\\\/\\\/aroundgdansk.pl\\\/pl\\\/kayaking-job-in-gdansk\\\/#primaryimage\"},\"thumbnailUrl\":\"https:\\\/\\\/aroundgdansk.pl\\\/wp-content\\\/uploads\\\/2018\\\/02\\\/around-gdansk-tours-adventures-work-with-us-1.jpg\",\"datePublished\":\"2019-10-27T16:30:13+00:00\",\"dateModified\":\"2025-07-22T00:50:11+00:00\",\"description\":\"Looking for a kayak guide job in Gda\u0144sk? Join Around Gda\u0144sk\u2019s team and enjoy working outdoors with great people and flexible hours!\",\"breadcrumb\":{\"@id\":\"https:\\\/\\\/aroundgdansk.pl\\\/pl\\\/kayaking-job-in-gdansk\\\/#breadcrumb\"},\"inLanguage\":\"pl-PL\",\"potentialAction\":[{\"@type\":\"ReadAction\",\"target\":[\"https:\\\/\\\/aroundgdansk.pl\\\/pl\\\/kayaking-job-in-gdansk\\\/\"]}]},{\"@type\":\"ImageObject\",\"inLanguage\":\"pl-PL\",\"@id\":\"https:\\\/\\\/aroundgdansk.pl\\\/pl\\\/kayaking-job-in-gdansk\\\/#primaryimage\",\"url\":\"https:\\\/\\\/aroundgdansk.pl\\\/wp-content\\\/uploads\\\/2018\\\/02\\\/around-gdansk-tours-adventures-work-with-us-1.jpg\",\"contentUrl\":\"https:\\\/\\\/aroundgdansk.pl\\\/wp-content\\\/uploads\\\/2018\\\/02\\\/around-gdansk-tours-adventures-work-with-us-1.jpg\",\"width\":1200,\"height\":801},{\"@type\":\"BreadcrumbList\",\"@id\":\"https:\\\/\\\/aroundgdansk.pl\\\/pl\\\/kayaking-job-in-gdansk\\\/#breadcrumb\",\"itemListElement\":[{\"@type\":\"ListItem\",\"position\":1,\"name\":\"Home\",\"item\":\"https:\\\/\\\/aroundgdansk.pl\\\/pl\\\/\"},{\"@type\":\"ListItem\",\"position\":2,\"name\":\"Pracuj z nami\"}]},{\"@type\":\"WebSite\",\"@id\":\"https:\\\/\\\/aroundgdansk.pl\\\/pl\\\/#website\",\"url\":\"https:\\\/\\\/aroundgdansk.pl\\\/pl\\\/\",\"name\":\"Around Gdansk | Tours & Adventures\",\"description\":\"Your unique way to discover Gdansk\",\"publisher\":{\"@id\":\"https:\\\/\\\/aroundgdansk.pl\\\/pl\\\/#organization\"},\"potentialAction\":[{\"@type\":\"SearchAction\",\"target\":{\"@type\":\"EntryPoint\",\"urlTemplate\":\"https:\\\/\\\/aroundgdansk.pl\\\/pl\\\/?s={search_term_string}\"},\"query-input\":{\"@type\":\"PropertyValueSpecification\",\"valueRequired\":true,\"valueName\":\"search_term_string\"}}],\"inLanguage\":\"pl-PL\"},{\"@type\":\"Organization\",\"@id\":\"https:\\\/\\\/aroundgdansk.pl\\\/pl\\\/#organization\",\"name\":\"AroundGdansk\",\"url\":\"https:\\\/\\\/aroundgdansk.pl\\\/pl\\\/\",\"logo\":{\"@type\":\"ImageObject\",\"inLanguage\":\"pl-PL\",\"@id\":\"https:\\\/\\\/aroundgdansk.pl\\\/pl\\\/#\\\/schema\\\/logo\\\/image\\\/\",\"url\":\"https:\\\/\\\/aroundgdansk.pl\\\/wp-content\\\/uploads\\\/2025\\\/07\\\/AROUND-GDANSK-LOGO.png\",\"contentUrl\":\"https:\\\/\\\/aroundgdansk.pl\\\/wp-content\\\/uploads\\\/2025\\\/07\\\/AROUND-GDANSK-LOGO.png\",\"width\":500,\"height\":500,\"caption\":\"AroundGdansk\"},\"image\":{\"@id\":\"https:\\\/\\\/aroundgdansk.pl\\\/pl\\\/#\\\/schema\\\/logo\\\/image\\\/\"},\"sameAs\":[\"https:\\\/\\\/www.facebook.com\\\/aroundgdansk\",\"https:\\\/\\\/www.instagram.com\\\/aroundgdansk\\\/\"]}]}<\/script>\n<!-- \/ Yoast SEO plugin. -->","yoast_head_json":{"title":"Pracuj z nami - Around Gdansk | Tours &amp; Adventures","description":"Looking for a kayak guide job in Gda\u0144sk? Join Around Gda\u0144sk\u2019s team and enjoy working outdoors with great people and flexible hours!","robots":{"index":"index","follow":"follow","max-snippet":"max-snippet:-1","max-image-preview":"max-image-preview:large","max-video-preview":"max-video-preview:-1"},"canonical":"https:\/\/aroundgdansk.pl\/pl\/kayaking-job-in-gdansk\/","og_locale":"pl_PL","og_type":"article","og_title":"Pracuj z nami - Around Gdansk | Tours &amp; Adventures","og_description":"Looking for a kayak guide job in Gda\u0144sk? Join Around Gda\u0144sk\u2019s team and enjoy working outdoors with great people and flexible hours!","og_url":"https:\/\/aroundgdansk.pl\/pl\/kayaking-job-in-gdansk\/","og_site_name":"Around Gdansk | Tours &amp; Adventures","article_publisher":"https:\/\/www.facebook.com\/aroundgdansk","article_modified_time":"2025-07-22T00:50:11+00:00","og_image":[{"width":1200,"height":801,"url":"https:\/\/aroundgdansk.pl\/wp-content\/uploads\/2018\/02\/around-gdansk-tours-adventures-work-with-us-1.jpg","type":"image\/jpeg"}],"twitter_card":"summary_large_image","twitter_misc":{"Szacowany czas czytania":"2 minuty"},"schema":{"@context":"https:\/\/schema.org","@graph":[{"@type":"WebPage","@id":"https:\/\/aroundgdansk.pl\/pl\/kayaking-job-in-gdansk\/","url":"https:\/\/aroundgdansk.pl\/pl\/kayaking-job-in-gdansk\/","name":"Pracuj z nami - Around Gdansk | Tours &amp; Adventures","isPartOf":{"@id":"https:\/\/aroundgdansk.pl\/pl\/#website"},"primaryImageOfPage":{"@id":"https:\/\/aroundgdansk.pl\/pl\/kayaking-job-in-gdansk\/#primaryimage"},"image":{"@id":"https:\/\/aroundgdansk.pl\/pl\/kayaking-job-in-gdansk\/#primaryimage"},"thumbnailUrl":"https:\/\/aroundgdansk.pl\/wp-content\/uploads\/2018\/02\/around-gdansk-tours-adventures-work-with-us-1.jpg","datePublished":"2019-10-27T16:30:13+00:00","dateModified":"2025-07-22T00:50:11+00:00","description":"Looking for a kayak guide job in Gda\u0144sk? Join Around Gda\u0144sk\u2019s team and enjoy working outdoors with great people and flexible hours!","breadcrumb":{"@id":"https:\/\/aroundgdansk.pl\/pl\/kayaking-job-in-gdansk\/#breadcrumb"},"inLanguage":"pl-PL","potentialAction":[{"@type":"ReadAction","target":["https:\/\/aroundgdansk.pl\/pl\/kayaking-job-in-gdansk\/"]}]},{"@type":"ImageObject","inLanguage":"pl-PL","@id":"https:\/\/aroundgdansk.pl\/pl\/kayaking-job-in-gdansk\/#primaryimage","url":"https:\/\/aroundgdansk.pl\/wp-content\/uploads\/2018\/02\/around-gdansk-tours-adventures-work-with-us-1.jpg","contentUrl":"https:\/\/aroundgdansk.pl\/wp-content\/uploads\/2018\/02\/around-gdansk-tours-adventures-work-with-us-1.jpg","width":1200,"height":801},{"@type":"BreadcrumbList","@id":"https:\/\/aroundgdansk.pl\/pl\/kayaking-job-in-gdansk\/#breadcrumb","itemListElement":[{"@type":"ListItem","position":1,"name":"Home","item":"https:\/\/aroundgdansk.pl\/pl\/"},{"@type":"ListItem","position":2,"name":"Pracuj z nami"}]},{"@type":"WebSite","@id":"https:\/\/aroundgdansk.pl\/pl\/#website","url":"https:\/\/aroundgdansk.pl\/pl\/","name":"Around Gdansk | Tours & Adventures","description":"Your unique way to discover Gdansk","publisher":{"@id":"https:\/\/aroundgdansk.pl\/pl\/#organization"},"potentialAction":[{"@type":"SearchAction","target":{"@type":"EntryPoint","urlTemplate":"https:\/\/aroundgdansk.pl\/pl\/?s={search_term_string}"},"query-input":{"@type":"PropertyValueSpecification","valueRequired":true,"valueName":"search_term_string"}}],"inLanguage":"pl-PL"},{"@type":"Organization","@id":"https:\/\/aroundgdansk.pl\/pl\/#organization","name":"AroundGdansk","url":"https:\/\/aroundgdansk.pl\/pl\/","logo":{"@type":"ImageObject","inLanguage":"pl-PL","@id":"https:\/\/aroundgdansk.pl\/pl\/#\/schema\/logo\/image\/","url":"https:\/\/aroundgdansk.pl\/wp-content\/uploads\/2025\/07\/AROUND-GDANSK-LOGO.png","contentUrl":"https:\/\/aroundgdansk.pl\/wp-content\/uploads\/2025\/07\/AROUND-GDANSK-LOGO.png","width":500,"height":500,"caption":"AroundGdansk"},"image":{"@id":"https:\/\/aroundgdansk.pl\/pl\/#\/schema\/logo\/image\/"},"sameAs":["https:\/\/www.facebook.com\/aroundgdansk","https:\/\/www.instagram.com\/aroundgdansk\/"]}]}},"_links":{"self":[{"href":"https:\/\/aroundgdansk.pl\/pl\/wp-json\/wp\/v2\/pages\/6183","targetHints":{"allow":["GET"]}}],"collection":[{"href":"https:\/\/aroundgdansk.pl\/pl\/wp-json\/wp\/v2\/pages"}],"about":[{"href":"https:\/\/aroundgdansk.pl\/pl\/wp-json\/wp\/v2\/types\/page"}],"author":[{"embeddable":true,"href":"https:\/\/aroundgdansk.pl\/pl\/wp-json\/wp\/v2\/users\/1"}],"replies":[{"embeddable":true,"href":"https:\/\/aroundgdansk.pl\/pl\/wp-json\/wp\/v2\/comments?post=6183"}],"version-history":[{"count":18,"href":"https:\/\/aroundgdansk.pl\/pl\/wp-json\/wp\/v2\/pages\/6183\/revisions"}],"predecessor-version":[{"id":10175,"href":"https:\/\/aroundgdansk.pl\/pl\/wp-json\/wp\/v2\/pages\/6183\/revisions\/10175"}],"wp:featuredmedia":[{"embeddable":true,"href":"https:\/\/aroundgdansk.pl\/pl\/wp-json\/wp\/v2\/media\/6185"}],"wp:attachment":[{"href":"https:\/\/aroundgdansk.pl\/pl\/wp-json\/wp\/v2\/media?parent=6183"}],"curies":[{"name":"wp","href":"https:\/\/api.w.org\/{rel}","templated":true}]}}