{"id":8337,"date":"2021-04-28T11:24:09","date_gmt":"2021-04-28T09:24:09","guid":{"rendered":"https:\/\/aroundgdansk.pl\/?page_id=8337"},"modified":"2026-02-18T14:26:21","modified_gmt":"2026-02-18T13:26:21","slug":"unia-europejska-projekt","status":"publish","type":"page","link":"https:\/\/aroundgdansk.pl\/pl\/unia-europejska-projekt\/","title":{"rendered":"Unia Europejska projekt"},"content":{"rendered":"<h3><img fetchpriority=\"high\" decoding=\"async\" class=\"alignnone size-full wp-image-8340\" src=\"https:\/\/aroundgdansk.pl\/wp-content\/uploads\/2021\/04\/aroundgdansk_dotacja_oznakowanie.jpg\" alt=\"Logos of Fundusze Europejskie, Rzeczpospolita Polska, Pomorskie Region, and Unia Europejska\" width=\"1500\" height=\"131\" \/><\/h3>\n<p>&nbsp;<\/p>\n<h4>Rozwijamy si\u0119 \u2013 dzi\u0119ki wsparciu UE i Samorz\u0105du Wojew\u00f3dztwa Pomorskiego<\/h4>\n<h4>Projekt: <em>Poprawa warunk\u00f3w sanitarnych oraz stworzenie zimowej oferty turystycznej<\/em><\/h4>\n<p>Celem projektu jest dostosowanie do nowych wymog\u00f3w sanitarno-epidemiologicznych w czasie pandemii COVID-19, oraz poprawa kondycji i p\u0142ynno\u015bci finansowej dzi\u0119ki specjalistycznemu sprz\u0119towi, kt\u00f3ry umo\u017cliwi \u015bwiadczenie us\u0142ug r\u00f3wnie\u017c w sezonie zimowym. Projekt zak\u0142ada inwestycj\u0119 w kilku obszarach, kt\u00f3re s\u0105 zwi\u0105zane ze zwi\u0119kszeniem higieny, sprz\u0119tem oraz rozwojem oferty.<\/p>\n<p>W ramach projektu powi\u0119kszona zostanie przestrze\u0144 magazynowo socjalna, pojawi\u0105 si\u0119 urz\u0105dzenia do bezdotykowego czyszczenia ekwipunku, oraz dodatkowe pomosty p\u0142ywaj\u0105ce przystosowane do wodowania kajak\u00f3w. Zakupione zostan\u0105 te\u017c nowe elementy ekwipunku kajakarskiego \u0142\u0105cznie ze specjalistycznymi kombinezonami wodoszczelnymi do p\u0142ywania zim\u0105. Ca\u0142kowity zak\u0142adany koszt realizacji projektu wynosi 97 225,33 PLN, a dofinansowanie z bud\u017cetu \u015brodk\u00f3w europejskich 86 170,98 PLN.<\/p>\n<p>Dzi\u0119ki realizacji projektu poprawi si\u0119 bezpiecze\u0144stwo naszych klient\u00f3w, jak i naszego zespo\u0142u. Rozwiniemy tak\u017ce now\u0105 ofert\u0119. Zapraszamy!<\/p>\n<div id=\"gtx-trans\" style=\"position: absolute; left: -34px; top: 1099.08px;\">\n<div class=\"gtx-trans-icon\"><\/div>\n<\/div>\n<p><script defer async src='https:\/\/cdn.trustindex.io\/loader-cert.js?a5cf6d2492bc0284e976d9facac'><\/script><\/p>\n","protected":false},"excerpt":{"rendered":"<p>&nbsp; Rozwijamy si\u0119 \u2013 dzi\u0119ki wsparciu UE i Samorz\u0105du Wojew\u00f3dztwa Pomorskiego Projekt: Poprawa warunk\u00f3w sanitarnych oraz stworzenie zimowej oferty turystycznej Celem projektu jest dostosowanie do nowych wymog\u00f3w sanitarno-epidemiologicznych w czasie pandemii COVID-19, oraz poprawa kondycji i p\u0142ynno\u015bci finansowej dzi\u0119ki specjalistycznemu [&hellip;]<\/p>\n","protected":false},"author":1,"featured_media":8350,"parent":0,"menu_order":0,"comment_status":"closed","ping_status":"closed","template":"page_r.php","meta":{"footnotes":""},"class_list":["post-8337","page","type-page","status-publish","has-post-thumbnail","hentry"],"yoast_head":"<!-- This site is optimized with the Yoast SEO plugin v27.4 - https:\/\/yoast.com\/product\/yoast-seo-wordpress\/ -->\n<title>Unia Europejska projekt - Around Gdansk | Tours &amp; Adventures<\/title>\n<meta name=\"robots\" content=\"index, follow, max-snippet:-1, max-image-preview:large, max-video-preview:-1\" \/>\n<link rel=\"canonical\" href=\"https:\/\/aroundgdansk.pl\/pl\/unia-europejska-projekt\/\" \/>\n<meta property=\"og:locale\" content=\"pl_PL\" \/>\n<meta property=\"og:type\" content=\"article\" \/>\n<meta property=\"og:title\" content=\"Unia Europejska projekt - Around Gdansk | Tours &amp; Adventures\" \/>\n<meta property=\"og:description\" content=\"&nbsp; Rozwijamy si\u0119 \u2013 dzi\u0119ki wsparciu UE i Samorz\u0105du Wojew\u00f3dztwa Pomorskiego Projekt: Poprawa warunk\u00f3w sanitarnych oraz stworzenie zimowej oferty turystycznej Celem projektu jest dostosowanie do nowych wymog\u00f3w sanitarno-epidemiologicznych w czasie pandemii COVID-19, oraz poprawa kondycji i p\u0142ynno\u015bci finansowej dzi\u0119ki specjalistycznemu [&hellip;]\" \/>\n<meta property=\"og:url\" content=\"https:\/\/aroundgdansk.pl\/pl\/unia-europejska-projekt\/\" \/>\n<meta property=\"og:site_name\" content=\"Around Gdansk | Tours &amp; Adventures\" \/>\n<meta property=\"article:publisher\" content=\"https:\/\/www.facebook.com\/aroundgdansk\" \/>\n<meta property=\"article:modified_time\" content=\"2026-02-18T13:26:21+00:00\" \/>\n<meta property=\"og:image\" content=\"https:\/\/aroundgdansk.pl\/wp-content\/uploads\/2021\/04\/around-gdansk5.jpg\" \/>\n\t<meta property=\"og:image:width\" content=\"2000\" \/>\n\t<meta property=\"og:image:height\" content=\"1500\" \/>\n\t<meta property=\"og:image:type\" content=\"image\/jpeg\" \/>\n<meta name=\"twitter:card\" content=\"summary_large_image\" \/>\n<meta name=\"twitter:label1\" content=\"Szacowany czas czytania\" \/>\n\t<meta name=\"twitter:data1\" content=\"1 minuta\" \/>\n<script type=\"application\/ld+json\" class=\"yoast-schema-graph\">{\"@context\":\"https:\\\/\\\/schema.org\",\"@graph\":[{\"@type\":\"WebPage\",\"@id\":\"https:\\\/\\\/aroundgdansk.pl\\\/pl\\\/unia-europejska-projekt\\\/\",\"url\":\"https:\\\/\\\/aroundgdansk.pl\\\/pl\\\/unia-europejska-projekt\\\/\",\"name\":\"Unia Europejska projekt - Around Gdansk | Tours &amp; Adventures\",\"isPartOf\":{\"@id\":\"https:\\\/\\\/aroundgdansk.pl\\\/pl\\\/#website\"},\"primaryImageOfPage\":{\"@id\":\"https:\\\/\\\/aroundgdansk.pl\\\/pl\\\/unia-europejska-projekt\\\/#primaryimage\"},\"image\":{\"@id\":\"https:\\\/\\\/aroundgdansk.pl\\\/pl\\\/unia-europejska-projekt\\\/#primaryimage\"},\"thumbnailUrl\":\"https:\\\/\\\/aroundgdansk.pl\\\/wp-content\\\/uploads\\\/2021\\\/04\\\/around-gdansk5.jpg\",\"datePublished\":\"2021-04-28T09:24:09+00:00\",\"dateModified\":\"2026-02-18T13:26:21+00:00\",\"breadcrumb\":{\"@id\":\"https:\\\/\\\/aroundgdansk.pl\\\/pl\\\/unia-europejska-projekt\\\/#breadcrumb\"},\"inLanguage\":\"pl-PL\",\"potentialAction\":[{\"@type\":\"ReadAction\",\"target\":[\"https:\\\/\\\/aroundgdansk.pl\\\/pl\\\/unia-europejska-projekt\\\/\"]}]},{\"@type\":\"ImageObject\",\"inLanguage\":\"pl-PL\",\"@id\":\"https:\\\/\\\/aroundgdansk.pl\\\/pl\\\/unia-europejska-projekt\\\/#primaryimage\",\"url\":\"https:\\\/\\\/aroundgdansk.pl\\\/wp-content\\\/uploads\\\/2021\\\/04\\\/around-gdansk5.jpg\",\"contentUrl\":\"https:\\\/\\\/aroundgdansk.pl\\\/wp-content\\\/uploads\\\/2021\\\/04\\\/around-gdansk5.jpg\",\"width\":2000,\"height\":1500},{\"@type\":\"BreadcrumbList\",\"@id\":\"https:\\\/\\\/aroundgdansk.pl\\\/pl\\\/unia-europejska-projekt\\\/#breadcrumb\",\"itemListElement\":[{\"@type\":\"ListItem\",\"position\":1,\"name\":\"Home\",\"item\":\"https:\\\/\\\/aroundgdansk.pl\\\/pl\\\/\"},{\"@type\":\"ListItem\",\"position\":2,\"name\":\"Unia Europejska projekt\"}]},{\"@type\":\"WebSite\",\"@id\":\"https:\\\/\\\/aroundgdansk.pl\\\/pl\\\/#website\",\"url\":\"https:\\\/\\\/aroundgdansk.pl\\\/pl\\\/\",\"name\":\"Around Gdansk | Tours & Adventures\",\"description\":\"Your unique way to discover Gdansk\",\"publisher\":{\"@id\":\"https:\\\/\\\/aroundgdansk.pl\\\/pl\\\/#organization\"},\"potentialAction\":[{\"@type\":\"SearchAction\",\"target\":{\"@type\":\"EntryPoint\",\"urlTemplate\":\"https:\\\/\\\/aroundgdansk.pl\\\/pl\\\/?s={search_term_string}\"},\"query-input\":{\"@type\":\"PropertyValueSpecification\",\"valueRequired\":true,\"valueName\":\"search_term_string\"}}],\"inLanguage\":\"pl-PL\"},{\"@type\":\"Organization\",\"@id\":\"https:\\\/\\\/aroundgdansk.pl\\\/pl\\\/#organization\",\"name\":\"AroundGdansk\",\"url\":\"https:\\\/\\\/aroundgdansk.pl\\\/pl\\\/\",\"logo\":{\"@type\":\"ImageObject\",\"inLanguage\":\"pl-PL\",\"@id\":\"https:\\\/\\\/aroundgdansk.pl\\\/pl\\\/#\\\/schema\\\/logo\\\/image\\\/\",\"url\":\"https:\\\/\\\/aroundgdansk.pl\\\/wp-content\\\/uploads\\\/2025\\\/07\\\/AROUND-GDANSK-LOGO.png\",\"contentUrl\":\"https:\\\/\\\/aroundgdansk.pl\\\/wp-content\\\/uploads\\\/2025\\\/07\\\/AROUND-GDANSK-LOGO.png\",\"width\":500,\"height\":500,\"caption\":\"AroundGdansk\"},\"image\":{\"@id\":\"https:\\\/\\\/aroundgdansk.pl\\\/pl\\\/#\\\/schema\\\/logo\\\/image\\\/\"},\"sameAs\":[\"https:\\\/\\\/www.facebook.com\\\/aroundgdansk\",\"https:\\\/\\\/www.instagram.com\\\/aroundgdansk\\\/\"]}]}<\/script>\n<!-- \/ Yoast SEO plugin. -->","yoast_head_json":{"title":"Unia Europejska projekt - Around Gdansk | Tours &amp; Adventures","robots":{"index":"index","follow":"follow","max-snippet":"max-snippet:-1","max-image-preview":"max-image-preview:large","max-video-preview":"max-video-preview:-1"},"canonical":"https:\/\/aroundgdansk.pl\/pl\/unia-europejska-projekt\/","og_locale":"pl_PL","og_type":"article","og_title":"Unia Europejska projekt - Around Gdansk | Tours &amp; Adventures","og_description":"&nbsp; Rozwijamy si\u0119 \u2013 dzi\u0119ki wsparciu UE i Samorz\u0105du Wojew\u00f3dztwa Pomorskiego Projekt: Poprawa warunk\u00f3w sanitarnych oraz stworzenie zimowej oferty turystycznej Celem projektu jest dostosowanie do nowych wymog\u00f3w sanitarno-epidemiologicznych w czasie pandemii COVID-19, oraz poprawa kondycji i p\u0142ynno\u015bci finansowej dzi\u0119ki specjalistycznemu [&hellip;]","og_url":"https:\/\/aroundgdansk.pl\/pl\/unia-europejska-projekt\/","og_site_name":"Around Gdansk | Tours &amp; Adventures","article_publisher":"https:\/\/www.facebook.com\/aroundgdansk","article_modified_time":"2026-02-18T13:26:21+00:00","og_image":[{"width":2000,"height":1500,"url":"https:\/\/aroundgdansk.pl\/wp-content\/uploads\/2021\/04\/around-gdansk5.jpg","type":"image\/jpeg"}],"twitter_card":"summary_large_image","twitter_misc":{"Szacowany czas czytania":"1 minuta"},"schema":{"@context":"https:\/\/schema.org","@graph":[{"@type":"WebPage","@id":"https:\/\/aroundgdansk.pl\/pl\/unia-europejska-projekt\/","url":"https:\/\/aroundgdansk.pl\/pl\/unia-europejska-projekt\/","name":"Unia Europejska projekt - Around Gdansk | Tours &amp; Adventures","isPartOf":{"@id":"https:\/\/aroundgdansk.pl\/pl\/#website"},"primaryImageOfPage":{"@id":"https:\/\/aroundgdansk.pl\/pl\/unia-europejska-projekt\/#primaryimage"},"image":{"@id":"https:\/\/aroundgdansk.pl\/pl\/unia-europejska-projekt\/#primaryimage"},"thumbnailUrl":"https:\/\/aroundgdansk.pl\/wp-content\/uploads\/2021\/04\/around-gdansk5.jpg","datePublished":"2021-04-28T09:24:09+00:00","dateModified":"2026-02-18T13:26:21+00:00","breadcrumb":{"@id":"https:\/\/aroundgdansk.pl\/pl\/unia-europejska-projekt\/#breadcrumb"},"inLanguage":"pl-PL","potentialAction":[{"@type":"ReadAction","target":["https:\/\/aroundgdansk.pl\/pl\/unia-europejska-projekt\/"]}]},{"@type":"ImageObject","inLanguage":"pl-PL","@id":"https:\/\/aroundgdansk.pl\/pl\/unia-europejska-projekt\/#primaryimage","url":"https:\/\/aroundgdansk.pl\/wp-content\/uploads\/2021\/04\/around-gdansk5.jpg","contentUrl":"https:\/\/aroundgdansk.pl\/wp-content\/uploads\/2021\/04\/around-gdansk5.jpg","width":2000,"height":1500},{"@type":"BreadcrumbList","@id":"https:\/\/aroundgdansk.pl\/pl\/unia-europejska-projekt\/#breadcrumb","itemListElement":[{"@type":"ListItem","position":1,"name":"Home","item":"https:\/\/aroundgdansk.pl\/pl\/"},{"@type":"ListItem","position":2,"name":"Unia Europejska projekt"}]},{"@type":"WebSite","@id":"https:\/\/aroundgdansk.pl\/pl\/#website","url":"https:\/\/aroundgdansk.pl\/pl\/","name":"Around Gdansk | Tours & Adventures","description":"Your unique way to discover Gdansk","publisher":{"@id":"https:\/\/aroundgdansk.pl\/pl\/#organization"},"potentialAction":[{"@type":"SearchAction","target":{"@type":"EntryPoint","urlTemplate":"https:\/\/aroundgdansk.pl\/pl\/?s={search_term_string}"},"query-input":{"@type":"PropertyValueSpecification","valueRequired":true,"valueName":"search_term_string"}}],"inLanguage":"pl-PL"},{"@type":"Organization","@id":"https:\/\/aroundgdansk.pl\/pl\/#organization","name":"AroundGdansk","url":"https:\/\/aroundgdansk.pl\/pl\/","logo":{"@type":"ImageObject","inLanguage":"pl-PL","@id":"https:\/\/aroundgdansk.pl\/pl\/#\/schema\/logo\/image\/","url":"https:\/\/aroundgdansk.pl\/wp-content\/uploads\/2025\/07\/AROUND-GDANSK-LOGO.png","contentUrl":"https:\/\/aroundgdansk.pl\/wp-content\/uploads\/2025\/07\/AROUND-GDANSK-LOGO.png","width":500,"height":500,"caption":"AroundGdansk"},"image":{"@id":"https:\/\/aroundgdansk.pl\/pl\/#\/schema\/logo\/image\/"},"sameAs":["https:\/\/www.facebook.com\/aroundgdansk","https:\/\/www.instagram.com\/aroundgdansk\/"]}]}},"_links":{"self":[{"href":"https:\/\/aroundgdansk.pl\/pl\/wp-json\/wp\/v2\/pages\/8337","targetHints":{"allow":["GET"]}}],"collection":[{"href":"https:\/\/aroundgdansk.pl\/pl\/wp-json\/wp\/v2\/pages"}],"about":[{"href":"https:\/\/aroundgdansk.pl\/pl\/wp-json\/wp\/v2\/types\/page"}],"author":[{"embeddable":true,"href":"https:\/\/aroundgdansk.pl\/pl\/wp-json\/wp\/v2\/users\/1"}],"replies":[{"embeddable":true,"href":"https:\/\/aroundgdansk.pl\/pl\/wp-json\/wp\/v2\/comments?post=8337"}],"version-history":[{"count":12,"href":"https:\/\/aroundgdansk.pl\/pl\/wp-json\/wp\/v2\/pages\/8337\/revisions"}],"predecessor-version":[{"id":10405,"href":"https:\/\/aroundgdansk.pl\/pl\/wp-json\/wp\/v2\/pages\/8337\/revisions\/10405"}],"wp:featuredmedia":[{"embeddable":true,"href":"https:\/\/aroundgdansk.pl\/pl\/wp-json\/wp\/v2\/media\/8350"}],"wp:attachment":[{"href":"https:\/\/aroundgdansk.pl\/pl\/wp-json\/wp\/v2\/media?parent=8337"}],"curies":[{"name":"wp","href":"https:\/\/api.w.org\/{rel}","templated":true}]}}