{"id":9834,"date":"2024-06-16T16:38:52","date_gmt":"2024-06-16T14:38:52","guid":{"rendered":"https:\/\/aroundgdansk.pl\/?page_id=9834"},"modified":"2025-06-29T20:45:47","modified_gmt":"2025-06-29T18:45:47","slug":"polityka-prywatnosci","status":"publish","type":"page","link":"https:\/\/aroundgdansk.pl\/pl\/polityka-prywatnosci\/","title":{"rendered":"Polityka prywatno\u015bci"},"content":{"rendered":"<div  class=\"one withsmallpadding ppb_text\" style=\"text-align:left;padding:40px 0 40px 0;\" >\n<div class=\"standard_wrapper\">\n<div class=\"page_content_wrapper\">\n<div class=\"inner\">\n<div style=\"margin:auto;width:100%\">\n<p>Zasady bezpiecze\u0144stwa danych osobowych<\/p>\n<p>W zwi\u0105zku z przetwarzaniem danych osobowych informujemy:<\/p>\n<p>1.\tAdministratorem Pani\/Pana danych osobowych jest firma Fundacja FORREST(dalej: \u201eADMINISTRATOR\u201d), z siedzib\u0105 ul. Cieszy\u0144skiego 16\/5, 80-809 Gda\u0144sk.<\/p>\n<p>2.\tZ Administratorem mo\u017cna si\u0119 kontaktowa\u0107 pisemnie, za pomoc\u0105 poczty tradycyjnej na adres: jak wy\u017cej lub drog\u0105 mailow\u0105: hello@aroundgdansk.pl<\/p>\n<p>3.\tPani\/Pana dane osobowe s\u0105 przetwarzane na podstawie Rozporz\u0105dzenia Parlamentu Europejskiego i Rady (UE) 2016\/679 z dnia 27 kwietnia 2016 r. w sprawie ochrony os\u00f3b fizycznych w zwi\u0105zku z przetwarzaniem danych osobowych i w sprawie swobodnego przep\u0142ywu takich danych oraz uchylenia dyrektywy 95\/46\/WE (og\u00f3lne rozporz\u0105dzenie o ochronie danych), i Ustawy z dnia 10 maja 2018 r. o ochronie danych osobowych (tekst jednolity Dz.U. 2019 poz. 1781) tj. w oparciu o zgod\u0119 osoby, kt\u00f3rej dane dotycz\u0105.<\/p>\n<p>4.\tInformujemy, \u017ce w ka\u017cdym czasie mo\u017cecie Pa\u0144stwo cofn\u0105\u0107 powy\u017csz\u0105 zgod\u0119, kontaktuj\u0105c si\u0119 z nami pod adresem mailowym: hello@aroundgdansk.pl albo pisemnie pod adres: Fundacja FORREST ul. Cieszy\u0144skiego 16\/5, 80-809 Gda\u0144sk.<\/p>\n<p>5.\tInformujemy tak\u017ce, \u017ce macie Pa\u0144stwo prawo dost\u0119pu do podanych danych osobowych, w tym uzyskania ich kopii, \u017c\u0105dania ich usuni\u0119cia, ograniczenia przetwarzania, uzupe\u0142nienia, uaktualnienia, sprostowania, czasowego lub sta\u0142ego wstrzymania ich przetwarzania, je\u017celi s\u0105 one niekompletne, nieaktualne, nieprawdziwe lub zosta\u0142y zebrane z naruszeniem ustawy albo s\u0105 ju\u017c zb\u0119dne do realizacji celu, dla kt\u00f3rego zosta\u0142y zebrane.<\/p>\n<p>6.\tMacie Pa\u0144stwo tak\u017ce prawo do wniesienia skargi do Prezesa Urz\u0119du Ochrony Danych Osobowych.<\/p>\n<p>7.\tCofni\u0119cie przez Pa\u0144stwa zgody pozostaje bez wp\u0142ywu na zgodno\u015b\u0107 z prawem przetwarzania, kt\u00f3rego dokonano na podstawie zgody przed jej cofni\u0119ciem.<\/p>\n<p>8.\tPodane dane osobowe przetwarzamy w  celach niezb\u0119dnych do realizacji czynno\u015bci zwi\u0105zanych z realizacj\u0105 wycieczek kajakowych.<\/p>\n<p>9.\tNiezale\u017cnie od powy\u017cszego informujemy, \u017ce podane dane osobowe mo\u017cemy przechowywa\u0107 dla cel\u00f3w ustalenia, dochodzenia lub obrony przed roszczeniami zwi\u0105zanymi z procesem realizacji wycieczek kajakowych przez okres niezb\u0119dny do dochodzenia roszcze\u0144, przedawnienia roszcze\u0144 zgodnie z obowi\u0105zuj\u0105cymi przepisami prawa albo do czasu prawomocnego zako\u0144czenia post\u0119powania maj\u0105cego na celu ustalenie, dochodzenie lub obron\u0119 przed roszczeniami zwi\u0105zanymi z realizacj\u0105 wycieczek kajakowych.<\/p>\n<p>10.\t Dane osobowe mog\u0105 zosta\u0107 udost\u0119pnione: a) podmiotom uprawnionym do przetwarzania danych osobowych na podstawie przepis\u00f3w prawa, b) podmiotom wsp\u00f3\u0142pracuj\u0105cym w zakresie us\u0142ug wsparcia IT oraz dostarczaj\u0105cym oprogramowanie informatyczne, c) podmiotom wsp\u00f3\u0142pracuj\u0105cym w zakresie us\u0142ug ksi\u0119gowo-kadrowych, d) podmiotom wsp\u00f3\u0142pracuj\u0105cym w zakresie us\u0142ug prawnych.  <\/p>\n<p>11.\tJednocze\u015bnie informujemy, \u017ce dane osobowe nie podlegaj\u0105 zautomatyzowanemu podejmowaniu decyzji, w tym profilowaniu i \u017ce nie przekazujemy podanych danych osobowych innym administratorom danych (z zastrze\u017ceniem w pkt. 10).<\/p>\n<p>12.\tPodanie danych osobowych jest dobrowolne, jednak\u017ce ich nie podanie spowoduje brak mo\u017cliwo\u015bci korzystania z realizacji us\u0142ugi realizacji wycieczek kajakowych lub kontaktu z Administratorem.<\/p>\n<\/div>\n<\/div>\n<\/div>\n<\/div>\n<\/div>\n<div  class=\"one withsmallpadding ppb_text\" style=\"padding:40px;\" >\n<p><script defer async src='https:\/\/cdn.trustindex.io\/loader-cert.js?a5cf6d2492bc0284e976d9facac'><\/script><\/p>\n<\/div>\n","protected":false},"excerpt":{"rendered":"<p>Zasady bezpiecze\u0144stwa danych osobowych W zwi\u0105zku z przetwarzaniem danych osobowych informujemy: 1. Administratorem Pani\/Pana danych osobowych jest firma Fundacja FORREST(dalej: \u201eADMINISTRATOR\u201d), z siedzib\u0105 ul. Cieszy\u0144skiego 16\/5, 80-809 Gda\u0144sk. 2. Z Administratorem mo\u017cna si\u0119 kontaktowa\u0107 pisemnie, za pomoc\u0105 poczty tradycyjnej na [&hellip;]<\/p>\n","protected":false},"author":3,"featured_media":0,"parent":0,"menu_order":0,"comment_status":"closed","ping_status":"closed","template":"","meta":{"footnotes":""},"class_list":["post-9834","page","type-page","status-publish","hentry"],"yoast_head":"<!-- This site is optimized with the Yoast SEO plugin v27.3 - https:\/\/yoast.com\/product\/yoast-seo-wordpress\/ -->\n<title>Polityka prywatno\u015bci - Around Gdansk | Tours &amp; Adventures<\/title>\n<meta name=\"robots\" content=\"index, follow, max-snippet:-1, max-image-preview:large, max-video-preview:-1\" \/>\n<link rel=\"canonical\" href=\"https:\/\/aroundgdansk.pl\/pl\/polityka-prywatnosci\/\" \/>\n<meta property=\"og:locale\" content=\"pl_PL\" \/>\n<meta property=\"og:type\" content=\"article\" \/>\n<meta property=\"og:title\" content=\"Polityka prywatno\u015bci - Around Gdansk | Tours &amp; Adventures\" \/>\n<meta property=\"og:description\" content=\"Zasady bezpiecze\u0144stwa danych osobowych W zwi\u0105zku z przetwarzaniem danych osobowych informujemy: 1. Administratorem Pani\/Pana danych osobowych jest firma Fundacja FORREST(dalej: \u201eADMINISTRATOR\u201d), z siedzib\u0105 ul. Cieszy\u0144skiego 16\/5, 80-809 Gda\u0144sk. 2. Z Administratorem mo\u017cna si\u0119 kontaktowa\u0107 pisemnie, za pomoc\u0105 poczty tradycyjnej na [&hellip;]\" \/>\n<meta property=\"og:url\" content=\"https:\/\/aroundgdansk.pl\/pl\/polityka-prywatnosci\/\" \/>\n<meta property=\"og:site_name\" content=\"Around Gdansk | Tours &amp; Adventures\" \/>\n<meta property=\"article:publisher\" content=\"https:\/\/www.facebook.com\/aroundgdansk\" \/>\n<meta property=\"article:modified_time\" content=\"2025-06-29T18:45:47+00:00\" \/>\n<meta name=\"twitter:card\" content=\"summary_large_image\" \/>\n<meta name=\"twitter:label1\" content=\"Szacowany czas czytania\" \/>\n\t<meta name=\"twitter:data1\" content=\"2 minuty\" \/>\n<script type=\"application\/ld+json\" class=\"yoast-schema-graph\">{\"@context\":\"https:\\\/\\\/schema.org\",\"@graph\":[{\"@type\":\"WebPage\",\"@id\":\"https:\\\/\\\/aroundgdansk.pl\\\/pl\\\/polityka-prywatnosci\\\/\",\"url\":\"https:\\\/\\\/aroundgdansk.pl\\\/pl\\\/polityka-prywatnosci\\\/\",\"name\":\"Polityka prywatno\u015bci - Around Gdansk | Tours &amp; Adventures\",\"isPartOf\":{\"@id\":\"https:\\\/\\\/aroundgdansk.pl\\\/pl\\\/#website\"},\"datePublished\":\"2024-06-16T14:38:52+00:00\",\"dateModified\":\"2025-06-29T18:45:47+00:00\",\"breadcrumb\":{\"@id\":\"https:\\\/\\\/aroundgdansk.pl\\\/pl\\\/polityka-prywatnosci\\\/#breadcrumb\"},\"inLanguage\":\"pl-PL\",\"potentialAction\":[{\"@type\":\"ReadAction\",\"target\":[\"https:\\\/\\\/aroundgdansk.pl\\\/pl\\\/polityka-prywatnosci\\\/\"]}]},{\"@type\":\"BreadcrumbList\",\"@id\":\"https:\\\/\\\/aroundgdansk.pl\\\/pl\\\/polityka-prywatnosci\\\/#breadcrumb\",\"itemListElement\":[{\"@type\":\"ListItem\",\"position\":1,\"name\":\"Home\",\"item\":\"https:\\\/\\\/aroundgdansk.pl\\\/pl\\\/\"},{\"@type\":\"ListItem\",\"position\":2,\"name\":\"Polityka prywatno\u015bci\"}]},{\"@type\":\"WebSite\",\"@id\":\"https:\\\/\\\/aroundgdansk.pl\\\/pl\\\/#website\",\"url\":\"https:\\\/\\\/aroundgdansk.pl\\\/pl\\\/\",\"name\":\"Around Gdansk | Tours & Adventures\",\"description\":\"Your unique way to discover Gdansk\",\"publisher\":{\"@id\":\"https:\\\/\\\/aroundgdansk.pl\\\/pl\\\/#organization\"},\"potentialAction\":[{\"@type\":\"SearchAction\",\"target\":{\"@type\":\"EntryPoint\",\"urlTemplate\":\"https:\\\/\\\/aroundgdansk.pl\\\/pl\\\/?s={search_term_string}\"},\"query-input\":{\"@type\":\"PropertyValueSpecification\",\"valueRequired\":true,\"valueName\":\"search_term_string\"}}],\"inLanguage\":\"pl-PL\"},{\"@type\":\"Organization\",\"@id\":\"https:\\\/\\\/aroundgdansk.pl\\\/pl\\\/#organization\",\"name\":\"AroundGdansk\",\"url\":\"https:\\\/\\\/aroundgdansk.pl\\\/pl\\\/\",\"logo\":{\"@type\":\"ImageObject\",\"inLanguage\":\"pl-PL\",\"@id\":\"https:\\\/\\\/aroundgdansk.pl\\\/pl\\\/#\\\/schema\\\/logo\\\/image\\\/\",\"url\":\"https:\\\/\\\/aroundgdansk.pl\\\/wp-content\\\/uploads\\\/2025\\\/07\\\/AROUND-GDANSK-LOGO.png\",\"contentUrl\":\"https:\\\/\\\/aroundgdansk.pl\\\/wp-content\\\/uploads\\\/2025\\\/07\\\/AROUND-GDANSK-LOGO.png\",\"width\":500,\"height\":500,\"caption\":\"AroundGdansk\"},\"image\":{\"@id\":\"https:\\\/\\\/aroundgdansk.pl\\\/pl\\\/#\\\/schema\\\/logo\\\/image\\\/\"},\"sameAs\":[\"https:\\\/\\\/www.facebook.com\\\/aroundgdansk\",\"https:\\\/\\\/www.instagram.com\\\/aroundgdansk\\\/\"]}]}<\/script>\n<!-- \/ Yoast SEO plugin. -->","yoast_head_json":{"title":"Polityka prywatno\u015bci - Around Gdansk | Tours &amp; Adventures","robots":{"index":"index","follow":"follow","max-snippet":"max-snippet:-1","max-image-preview":"max-image-preview:large","max-video-preview":"max-video-preview:-1"},"canonical":"https:\/\/aroundgdansk.pl\/pl\/polityka-prywatnosci\/","og_locale":"pl_PL","og_type":"article","og_title":"Polityka prywatno\u015bci - Around Gdansk | Tours &amp; Adventures","og_description":"Zasady bezpiecze\u0144stwa danych osobowych W zwi\u0105zku z przetwarzaniem danych osobowych informujemy: 1. Administratorem Pani\/Pana danych osobowych jest firma Fundacja FORREST(dalej: \u201eADMINISTRATOR\u201d), z siedzib\u0105 ul. Cieszy\u0144skiego 16\/5, 80-809 Gda\u0144sk. 2. Z Administratorem mo\u017cna si\u0119 kontaktowa\u0107 pisemnie, za pomoc\u0105 poczty tradycyjnej na [&hellip;]","og_url":"https:\/\/aroundgdansk.pl\/pl\/polityka-prywatnosci\/","og_site_name":"Around Gdansk | Tours &amp; Adventures","article_publisher":"https:\/\/www.facebook.com\/aroundgdansk","article_modified_time":"2025-06-29T18:45:47+00:00","twitter_card":"summary_large_image","twitter_misc":{"Szacowany czas czytania":"2 minuty"},"schema":{"@context":"https:\/\/schema.org","@graph":[{"@type":"WebPage","@id":"https:\/\/aroundgdansk.pl\/pl\/polityka-prywatnosci\/","url":"https:\/\/aroundgdansk.pl\/pl\/polityka-prywatnosci\/","name":"Polityka prywatno\u015bci - Around Gdansk | Tours &amp; Adventures","isPartOf":{"@id":"https:\/\/aroundgdansk.pl\/pl\/#website"},"datePublished":"2024-06-16T14:38:52+00:00","dateModified":"2025-06-29T18:45:47+00:00","breadcrumb":{"@id":"https:\/\/aroundgdansk.pl\/pl\/polityka-prywatnosci\/#breadcrumb"},"inLanguage":"pl-PL","potentialAction":[{"@type":"ReadAction","target":["https:\/\/aroundgdansk.pl\/pl\/polityka-prywatnosci\/"]}]},{"@type":"BreadcrumbList","@id":"https:\/\/aroundgdansk.pl\/pl\/polityka-prywatnosci\/#breadcrumb","itemListElement":[{"@type":"ListItem","position":1,"name":"Home","item":"https:\/\/aroundgdansk.pl\/pl\/"},{"@type":"ListItem","position":2,"name":"Polityka prywatno\u015bci"}]},{"@type":"WebSite","@id":"https:\/\/aroundgdansk.pl\/pl\/#website","url":"https:\/\/aroundgdansk.pl\/pl\/","name":"Around Gdansk | Tours & Adventures","description":"Your unique way to discover Gdansk","publisher":{"@id":"https:\/\/aroundgdansk.pl\/pl\/#organization"},"potentialAction":[{"@type":"SearchAction","target":{"@type":"EntryPoint","urlTemplate":"https:\/\/aroundgdansk.pl\/pl\/?s={search_term_string}"},"query-input":{"@type":"PropertyValueSpecification","valueRequired":true,"valueName":"search_term_string"}}],"inLanguage":"pl-PL"},{"@type":"Organization","@id":"https:\/\/aroundgdansk.pl\/pl\/#organization","name":"AroundGdansk","url":"https:\/\/aroundgdansk.pl\/pl\/","logo":{"@type":"ImageObject","inLanguage":"pl-PL","@id":"https:\/\/aroundgdansk.pl\/pl\/#\/schema\/logo\/image\/","url":"https:\/\/aroundgdansk.pl\/wp-content\/uploads\/2025\/07\/AROUND-GDANSK-LOGO.png","contentUrl":"https:\/\/aroundgdansk.pl\/wp-content\/uploads\/2025\/07\/AROUND-GDANSK-LOGO.png","width":500,"height":500,"caption":"AroundGdansk"},"image":{"@id":"https:\/\/aroundgdansk.pl\/pl\/#\/schema\/logo\/image\/"},"sameAs":["https:\/\/www.facebook.com\/aroundgdansk","https:\/\/www.instagram.com\/aroundgdansk\/"]}]}},"_links":{"self":[{"href":"https:\/\/aroundgdansk.pl\/pl\/wp-json\/wp\/v2\/pages\/9834","targetHints":{"allow":["GET"]}}],"collection":[{"href":"https:\/\/aroundgdansk.pl\/pl\/wp-json\/wp\/v2\/pages"}],"about":[{"href":"https:\/\/aroundgdansk.pl\/pl\/wp-json\/wp\/v2\/types\/page"}],"author":[{"embeddable":true,"href":"https:\/\/aroundgdansk.pl\/pl\/wp-json\/wp\/v2\/users\/3"}],"replies":[{"embeddable":true,"href":"https:\/\/aroundgdansk.pl\/pl\/wp-json\/wp\/v2\/comments?post=9834"}],"version-history":[{"count":3,"href":"https:\/\/aroundgdansk.pl\/pl\/wp-json\/wp\/v2\/pages\/9834\/revisions"}],"predecessor-version":[{"id":10103,"href":"https:\/\/aroundgdansk.pl\/pl\/wp-json\/wp\/v2\/pages\/9834\/revisions\/10103"}],"wp:attachment":[{"href":"https:\/\/aroundgdansk.pl\/pl\/wp-json\/wp\/v2\/media?parent=9834"}],"curies":[{"name":"wp","href":"https:\/\/api.w.org\/{rel}","templated":true}]}}